{"id":1195,"date":"2017-07-20T12:49:10","date_gmt":"2017-07-20T10:49:10","guid":{"rendered":"https:\/\/www.germantwinscrews.de\/screws-and-barrels\/single-screws\/"},"modified":"2020-07-30T15:52:12","modified_gmt":"2020-07-30T13:52:12","slug":"single-screws","status":"publish","type":"page","link":"https:\/\/www.ejkrueger.de\/en\/single-screws\/","title":{"rendered":"Single Screws"},"content":{"rendered":"<div class=\"fusion-fullwidth fullwidth-box fusion-builder-row-1 nonhundred-percent-fullwidth non-hundred-percent-height-scrolling\" style=\"--awb-border-radius-top-left:0px;--awb-border-radius-top-right:0px;--awb-border-radius-bottom-right:0px;--awb-border-radius-bottom-left:0px;--awb-padding-top:20px;--awb-padding-bottom:20px;--awb-flex-wrap:wrap;\" ><div class=\"fusion-builder-row fusion-row\"><div class=\"fusion-layout-column fusion_builder_column fusion-builder-column-0 fusion_builder_column_3_4 3_4 fusion-three-fourth fusion-column-first\" style=\"--awb-bg-size:cover;width:75%;width:calc(75% - ( ( 4% ) * 0.75 ) );margin-right: 4%;\"><div class=\"fusion-column-wrapper fusion-flex-column-wrapper-legacy\"><div class=\"fusion-text fusion-text-1\"><h1>Single Screws<\/h1>\n<p>EJK supplies single screws for a wide range of different applications in plastics processing. We usually receive drawings from our customers, which are designed and manufactured in our company. In addition to the usual three-zone screws, all variants of barrier zones are of course available, as well as different variants of maddock, mixing and shearing parts.<\/p>\n<p>Maximum length<\/p>\n<ul>\n<li>One piece 7,50m<\/li>\n<li>Multi-part 10m<\/li>\n<li>Max. diameter 700mm<\/li>\n<\/ul>\n<p>The standard versions are usually ionitrided, large single screws or barrels are also supplied as gas-nitrided versions. We supply the running surfaces with special wear protection. It is important to note that a large number of designs are only useful if they are operated in a suitable bimetallic barrel.<\/p>\n<p>The bimetallic barrels are supplied according to customer requirements. Here, a distinction is made between abrasion and corrosion protection equipment. For special applications, screws and barrels are made of Hastalloy.<\/p>\n<p>EJK also manufactures deep-cut single screws, e.g. for rubber processing, as well as pin barrels or separable barrel segments.<\/p>\n<\/div><div class=\"fusion-clearfix\"><\/div><\/div><\/div><div class=\"fusion-layout-column fusion_builder_column fusion-builder-column-1 fusion_builder_column_1_4 1_4 fusion-one-fourth fusion-column-last\" style=\"--awb-bg-size:cover;--awb-margin-top:60px;width:25%;width:calc(25% - ( ( 4% ) * 0.25 ) );\"><div class=\"fusion-column-wrapper fusion-flex-column-wrapper-legacy\"><div class=\"fusion-builder-row fusion-builder-row-inner fusion-row\"><div class=\"fusion-layout-column fusion_builder_column_inner fusion-builder-nested-column-0 fusion_builder_column_inner_1_1 1_1 fusion-one-full fusion-column-first fusion-column-last\" style=\"--awb-bg-size:cover;\"><div class=\"fusion-column-wrapper fusion-column-has-shadow fusion-flex-column-wrapper-legacy\"><div class=\"fusion-clearfix\"><\/div><\/div><\/div><\/div><div class=\"fusion-builder-row fusion-builder-row-inner fusion-row\"><div class=\"fusion-layout-column fusion_builder_column_inner fusion-builder-nested-column-1 fusion_builder_column_inner_1_1 1_1 fusion-one-full fusion-column-first fusion-column-last\" style=\"--awb-bg-size:cover;\"><div class=\"fusion-column-wrapper fusion-column-has-shadow fusion-flex-column-wrapper-legacy\"><div class=\"fusion-clearfix\"><\/div><\/div><\/div><\/div><div class=\"fusion-image-element in-legacy-container\" style=\"--awb-caption-title-font-family:var(--h2_typography-font-family);--awb-caption-title-font-weight:var(--h2_typography-font-weight);--awb-caption-title-font-style:var(--h2_typography-font-style);--awb-caption-title-size:var(--h2_typography-font-size);--awb-caption-title-transform:var(--h2_typography-text-transform);--awb-caption-title-line-height:var(--h2_typography-line-height);--awb-caption-title-letter-spacing:var(--h2_typography-letter-spacing);\"><span class=\" fusion-imageframe imageframe-none imageframe-1 hover-type-zoomin\" style=\"border:6px solid #ffffff;\"><img decoding=\"async\" width=\"300\" height=\"149\" alt=\"Einschnecke\" title=\"ES 60 BA 4\" src=\"https:\/\/www.ejkrueger.de\/wp-content\/uploads\/2020\/05\/ES-60-BA-4-300x149.jpg\" class=\"img-responsive wp-image-3809\" srcset=\"https:\/\/www.ejkrueger.de\/wp-content\/uploads\/2020\/05\/ES-60-BA-4-200x99.jpg 200w, https:\/\/www.ejkrueger.de\/wp-content\/uploads\/2020\/05\/ES-60-BA-4-400x198.jpg 400w, https:\/\/www.ejkrueger.de\/wp-content\/uploads\/2020\/05\/ES-60-BA-4-600x297.jpg 600w, https:\/\/www.ejkrueger.de\/wp-content\/uploads\/2020\/05\/ES-60-BA-4-800x396.jpg 800w, https:\/\/www.ejkrueger.de\/wp-content\/uploads\/2020\/05\/ES-60-BA-4-1200x594.jpg 1200w, https:\/\/www.ejkrueger.de\/wp-content\/uploads\/2020\/05\/ES-60-BA-4.jpg 1472w\" sizes=\"(max-width: 800px) 100vw, 300px\" \/><\/span><\/div><div class=\"fusion-builder-row fusion-builder-row-inner fusion-row\"><div class=\"fusion-layout-column fusion_builder_column_inner fusion-builder-nested-column-2 fusion_builder_column_inner_1_1 1_1 fusion-one-full fusion-column-first fusion-column-last\" style=\"--awb-bg-size:cover;\"><div class=\"fusion-column-wrapper fusion-column-has-shadow fusion-flex-column-wrapper-legacy\"><div class=\"fusion-clearfix\"><\/div><\/div><\/div><\/div><div class=\"fusion-builder-row fusion-builder-row-inner fusion-row\"><div class=\"fusion-layout-column fusion_builder_column_inner fusion-builder-nested-column-3 fusion_builder_column_inner_1_1 1_1 fusion-one-full fusion-column-first fusion-column-last\" style=\"--awb-bg-size:cover;\"><div class=\"fusion-column-wrapper fusion-column-has-shadow fusion-flex-column-wrapper-legacy\"><div class=\"fusion-clearfix\"><\/div><\/div><\/div><\/div><div class=\"fusion-image-element in-legacy-container\" style=\"--awb-caption-title-font-family:var(--h2_typography-font-family);--awb-caption-title-font-weight:var(--h2_typography-font-weight);--awb-caption-title-font-style:var(--h2_typography-font-style);--awb-caption-title-size:var(--h2_typography-font-size);--awb-caption-title-transform:var(--h2_typography-text-transform);--awb-caption-title-line-height:var(--h2_typography-line-height);--awb-caption-title-letter-spacing:var(--h2_typography-letter-spacing);\"><span class=\" fusion-imageframe imageframe-none imageframe-2 hover-type-zoomin\" style=\"border:6px solid #ffffff;\"><img decoding=\"async\" width=\"300\" height=\"180\" alt=\"Einschnecke\" title=\"ES 60 BA\" src=\"https:\/\/www.ejkrueger.de\/wp-content\/uploads\/2020\/05\/ES-60-BA-300x180.jpg\" class=\"img-responsive wp-image-3812\" srcset=\"https:\/\/www.ejkrueger.de\/wp-content\/uploads\/2020\/05\/ES-60-BA-200x120.jpg 200w, https:\/\/www.ejkrueger.de\/wp-content\/uploads\/2020\/05\/ES-60-BA-400x240.jpg 400w, https:\/\/www.ejkrueger.de\/wp-content\/uploads\/2020\/05\/ES-60-BA-600x360.jpg 600w, https:\/\/www.ejkrueger.de\/wp-content\/uploads\/2020\/05\/ES-60-BA-800x480.jpg 800w, https:\/\/www.ejkrueger.de\/wp-content\/uploads\/2020\/05\/ES-60-BA-1200x720.jpg 1200w, https:\/\/www.ejkrueger.de\/wp-content\/uploads\/2020\/05\/ES-60-BA.jpg 1319w\" sizes=\"(max-width: 800px) 100vw, 300px\" \/><\/span><\/div><div class=\"fusion-clearfix\"><\/div><\/div><\/div><\/div><\/div>\n","protected":false},"excerpt":{"rendered":"","protected":false},"author":4,"featured_media":0,"parent":0,"menu_order":9,"comment_status":"closed","ping_status":"closed","template":"","meta":{"footnotes":""},"class_list":["post-1195","page","type-page","status-publish","hentry"],"yoast_head":"<!-- This site is optimized with the Yoast SEO plugin v27.4 - https:\/\/yoast.com\/product\/yoast-seo-wordpress\/ -->\n<title>Single Screws - GTS Doppelschnecken f\u00fcr europ\u00e4ische Extruder - direktes Angebot<\/title>\n<meta name=\"description\" content=\"Doppelschneckenextruder f\u00fcr Rohr, Profil, Platte und Granulat - GermanTwinscrewS liefert mit GTS-Design einbaukompatibel Verfahrenseinheiten f\u00fcr alle europ\u00e4ischen Extruder\" \/>\n<meta name=\"robots\" content=\"index, follow, max-snippet:-1, max-image-preview:large, max-video-preview:-1\" \/>\n<link rel=\"canonical\" href=\"https:\/\/www.ejkrueger.de\/en\/single-screws\/\" \/>\n<meta property=\"og:locale\" content=\"en_US\" \/>\n<meta property=\"og:type\" content=\"article\" \/>\n<meta property=\"og:title\" content=\"Single Screws - GTS Doppelschnecken f\u00fcr europ\u00e4ische Extruder - direktes Angebot\" \/>\n<meta property=\"og:description\" content=\"Doppelschneckenextruder f\u00fcr Rohr, Profil, Platte und Granulat - GermanTwinscrewS liefert mit GTS-Design einbaukompatibel Verfahrenseinheiten f\u00fcr alle europ\u00e4ischen Extruder\" \/>\n<meta property=\"og:url\" content=\"https:\/\/www.ejkrueger.de\/en\/single-screws\/\" \/>\n<meta property=\"og:site_name\" content=\"GTS Doppelschnecken f\u00fcr europ\u00e4ische Extruder - direktes Angebot\" \/>\n<meta property=\"article:modified_time\" content=\"2020-07-30T13:52:12+00:00\" \/>\n<meta name=\"twitter:card\" content=\"summary_large_image\" \/>\n<meta name=\"twitter:label1\" content=\"Est. reading time\" \/>\n\t<meta name=\"twitter:data1\" content=\"8 minutes\" \/>\n<script type=\"application\/ld+json\" class=\"yoast-schema-graph\">{\"@context\":\"https:\\\/\\\/schema.org\",\"@graph\":[{\"@type\":\"WebPage\",\"@id\":\"https:\\\/\\\/www.ejkrueger.de\\\/en\\\/single-screws\\\/\",\"url\":\"https:\\\/\\\/www.ejkrueger.de\\\/en\\\/single-screws\\\/\",\"name\":\"Single Screws - GTS Doppelschnecken f\u00fcr europ\u00e4ische Extruder - direktes Angebot\",\"isPartOf\":{\"@id\":\"https:\\\/\\\/www.ejkrueger.de\\\/#website\"},\"datePublished\":\"2017-07-20T10:49:10+00:00\",\"dateModified\":\"2020-07-30T13:52:12+00:00\",\"description\":\"Doppelschneckenextruder f\u00fcr Rohr, Profil, Platte und Granulat - GermanTwinscrewS liefert mit GTS-Design einbaukompatibel Verfahrenseinheiten f\u00fcr alle europ\u00e4ischen Extruder\",\"breadcrumb\":{\"@id\":\"https:\\\/\\\/www.ejkrueger.de\\\/en\\\/single-screws\\\/#breadcrumb\"},\"inLanguage\":\"en-US\",\"potentialAction\":[{\"@type\":\"ReadAction\",\"target\":[\"https:\\\/\\\/www.ejkrueger.de\\\/en\\\/single-screws\\\/\"]}]},{\"@type\":\"BreadcrumbList\",\"@id\":\"https:\\\/\\\/www.ejkrueger.de\\\/en\\\/single-screws\\\/#breadcrumb\",\"itemListElement\":[{\"@type\":\"ListItem\",\"position\":1,\"name\":\"Startseite\",\"item\":\"https:\\\/\\\/www.ejkrueger.de\\\/en\\\/\"},{\"@type\":\"ListItem\",\"position\":2,\"name\":\"Single Screws\"}]},{\"@type\":\"WebSite\",\"@id\":\"https:\\\/\\\/www.ejkrueger.de\\\/#website\",\"url\":\"https:\\\/\\\/www.ejkrueger.de\\\/\",\"name\":\"GTS Doppelschnecken f\u00fcr europ\u00e4ische Extruder - direktes Angebot\",\"description\":\"\",\"potentialAction\":[{\"@type\":\"SearchAction\",\"target\":{\"@type\":\"EntryPoint\",\"urlTemplate\":\"https:\\\/\\\/www.ejkrueger.de\\\/?s={search_term_string}\"},\"query-input\":{\"@type\":\"PropertyValueSpecification\",\"valueRequired\":true,\"valueName\":\"search_term_string\"}}],\"inLanguage\":\"en-US\"}]}<\/script>\n<!-- \/ Yoast SEO plugin. -->","yoast_head_json":{"title":"Single Screws - GTS Doppelschnecken f\u00fcr europ\u00e4ische Extruder - direktes Angebot","description":"Doppelschneckenextruder f\u00fcr Rohr, Profil, Platte und Granulat - GermanTwinscrewS liefert mit GTS-Design einbaukompatibel Verfahrenseinheiten f\u00fcr alle europ\u00e4ischen Extruder","robots":{"index":"index","follow":"follow","max-snippet":"max-snippet:-1","max-image-preview":"max-image-preview:large","max-video-preview":"max-video-preview:-1"},"canonical":"https:\/\/www.ejkrueger.de\/en\/single-screws\/","og_locale":"en_US","og_type":"article","og_title":"Single Screws - GTS Doppelschnecken f\u00fcr europ\u00e4ische Extruder - direktes Angebot","og_description":"Doppelschneckenextruder f\u00fcr Rohr, Profil, Platte und Granulat - GermanTwinscrewS liefert mit GTS-Design einbaukompatibel Verfahrenseinheiten f\u00fcr alle europ\u00e4ischen Extruder","og_url":"https:\/\/www.ejkrueger.de\/en\/single-screws\/","og_site_name":"GTS Doppelschnecken f\u00fcr europ\u00e4ische Extruder - direktes Angebot","article_modified_time":"2020-07-30T13:52:12+00:00","twitter_card":"summary_large_image","twitter_misc":{"Est. reading time":"8 minutes"},"schema":{"@context":"https:\/\/schema.org","@graph":[{"@type":"WebPage","@id":"https:\/\/www.ejkrueger.de\/en\/single-screws\/","url":"https:\/\/www.ejkrueger.de\/en\/single-screws\/","name":"Single Screws - GTS Doppelschnecken f\u00fcr europ\u00e4ische Extruder - direktes Angebot","isPartOf":{"@id":"https:\/\/www.ejkrueger.de\/#website"},"datePublished":"2017-07-20T10:49:10+00:00","dateModified":"2020-07-30T13:52:12+00:00","description":"Doppelschneckenextruder f\u00fcr Rohr, Profil, Platte und Granulat - GermanTwinscrewS liefert mit GTS-Design einbaukompatibel Verfahrenseinheiten f\u00fcr alle europ\u00e4ischen Extruder","breadcrumb":{"@id":"https:\/\/www.ejkrueger.de\/en\/single-screws\/#breadcrumb"},"inLanguage":"en-US","potentialAction":[{"@type":"ReadAction","target":["https:\/\/www.ejkrueger.de\/en\/single-screws\/"]}]},{"@type":"BreadcrumbList","@id":"https:\/\/www.ejkrueger.de\/en\/single-screws\/#breadcrumb","itemListElement":[{"@type":"ListItem","position":1,"name":"Startseite","item":"https:\/\/www.ejkrueger.de\/en\/"},{"@type":"ListItem","position":2,"name":"Single Screws"}]},{"@type":"WebSite","@id":"https:\/\/www.ejkrueger.de\/#website","url":"https:\/\/www.ejkrueger.de\/","name":"GTS Doppelschnecken f\u00fcr europ\u00e4ische Extruder - direktes Angebot","description":"","potentialAction":[{"@type":"SearchAction","target":{"@type":"EntryPoint","urlTemplate":"https:\/\/www.ejkrueger.de\/?s={search_term_string}"},"query-input":{"@type":"PropertyValueSpecification","valueRequired":true,"valueName":"search_term_string"}}],"inLanguage":"en-US"}]}},"_links":{"self":[{"href":"https:\/\/www.ejkrueger.de\/en\/wp-json\/wp\/v2\/pages\/1195","targetHints":{"allow":["GET"]}}],"collection":[{"href":"https:\/\/www.ejkrueger.de\/en\/wp-json\/wp\/v2\/pages"}],"about":[{"href":"https:\/\/www.ejkrueger.de\/en\/wp-json\/wp\/v2\/types\/page"}],"author":[{"embeddable":true,"href":"https:\/\/www.ejkrueger.de\/en\/wp-json\/wp\/v2\/users\/4"}],"replies":[{"embeddable":true,"href":"https:\/\/www.ejkrueger.de\/en\/wp-json\/wp\/v2\/comments?post=1195"}],"version-history":[{"count":8,"href":"https:\/\/www.ejkrueger.de\/en\/wp-json\/wp\/v2\/pages\/1195\/revisions"}],"predecessor-version":[{"id":3936,"href":"https:\/\/www.ejkrueger.de\/en\/wp-json\/wp\/v2\/pages\/1195\/revisions\/3936"}],"wp:attachment":[{"href":"https:\/\/www.ejkrueger.de\/en\/wp-json\/wp\/v2\/media?parent=1195"}],"curies":[{"name":"wp","href":"https:\/\/api.w.org\/{rel}","templated":true}]}}