{"id":3931,"date":"2020-01-14T11:42:33","date_gmt":"2020-01-14T10:42:33","guid":{"rendered":"https:\/\/www.ejkrueger.de\/gegenlaeufer\/"},"modified":"2020-07-30T15:05:24","modified_gmt":"2020-07-30T13:05:24","slug":"gegenlaeufer","status":"publish","type":"page","link":"https:\/\/www.ejkrueger.de\/en\/gegenlaeufer\/","title":{"rendered":"Counter rotating twin screws"},"content":{"rendered":"<div class=\"fusion-fullwidth fullwidth-box fusion-builder-row-1 nonhundred-percent-fullwidth non-hundred-percent-height-scrolling\" style=\"--awb-border-radius-top-left:0px;--awb-border-radius-top-right:0px;--awb-border-radius-bottom-right:0px;--awb-border-radius-bottom-left:0px;--awb-flex-wrap:wrap;\" ><div class=\"fusion-builder-row fusion-row\"><div class=\"fusion-layout-column fusion_builder_column fusion-builder-column-0 fusion_builder_column_3_4 3_4 fusion-three-fourth fusion-column-first\" style=\"--awb-bg-size:cover;width:75%;width:calc(75% - ( ( 4% ) * 0.75 ) );margin-right: 4%;\"><div class=\"fusion-column-wrapper fusion-column-has-shadow fusion-flex-column-wrapper-legacy\"><div class=\"fusion-text fusion-text-1\"><h1>Counter rotating twin screws<\/h1>\n<p>EJK supplies counter-rotating twin screws for non-intermeshing and tightly intermeshing designs according to customer drawings.<\/p>\n<p>&nbsp;<\/p>\n<p>Non-intermeshing, counter-rotating twin screws are usually made of special materials with wear-resistant screw surfaces. This wear protection is carried out in PTA as well as in laser process. The same category of non-intermeshing twin screws includes very large and long twin screws, which are operated at high speed in the field of granulate production.<\/p>\n<p>&nbsp;<\/p>\n<p>In the case of the tightly intermeshing, counter-rotating twin screws, all sizes from a diameter of 35 mm upwards are manufactured both in conical and parallel versions. A large number of screws have been manufactured with length ratios of above L\/D = 40. As standard all screws are deep drilled and provided with cooling. For this purpose, EJK has developed its own design of a closed-loop cooling system which is 100% maintenance free for over the lifetime of the screws.<\/p>\n<ul>\n<li>Maximum length 7,50m<\/li>\n<li>Max. diameter: 700mm<\/li>\n<li>Minimum diameter 35mm<\/li>\n<\/ul>\n<p>The standard versions are usually supplied as gas nitrided versions. EJK supplies the running surface with a wear-protected design with wear material incorporated in the bed. This is usually a tungsten carbide version, but can also be provided with other wear protection materials according to customer requirements. On customer request, the screw channel can also be provided with a hard chrome coating, which was specially developed by EJK. This hard chrome layer has proven its worth both in tin formulations and in hard, abrasive applications with a high proportion of glass fibres.<\/p>\n<p>On request, screws can also be coated with a complete tungsten carbide layer.<\/p>\n<\/div><div class=\"fusion-clearfix\"><\/div><\/div><\/div><div class=\"fusion-layout-column fusion_builder_column fusion-builder-column-1 fusion_builder_column_1_4 1_4 fusion-one-fourth fusion-column-last\" style=\"--awb-bg-size:cover;width:25%;width:calc(25% - ( ( 4% ) * 0.25 ) );\"><div class=\"fusion-column-wrapper fusion-column-has-shadow fusion-flex-column-wrapper-legacy\"><div class=\"fusion-image-element fusion-image-align-center in-legacy-container\" style=\"text-align:center;--awb-caption-title-font-family:var(--h2_typography-font-family);--awb-caption-title-font-weight:var(--h2_typography-font-weight);--awb-caption-title-font-style:var(--h2_typography-font-style);--awb-caption-title-size:var(--h2_typography-font-size);--awb-caption-title-transform:var(--h2_typography-text-transform);--awb-caption-title-line-height:var(--h2_typography-line-height);--awb-caption-title-letter-spacing:var(--h2_typography-letter-spacing);\"><div class=\"imageframe-align-center\"><span class=\" fusion-imageframe imageframe-none imageframe-1 hover-type-zoomin\"><img decoding=\"async\" width=\"300\" height=\"249\" alt=\"Doppelschneckenzylinder\" title=\"Zylinder CMT2\" src=\"https:\/\/www.ejkrueger.de\/wp-content\/uploads\/2020\/05\/Zylinder-CMT2-300x249.jpg\" class=\"img-responsive wp-image-3769\" srcset=\"https:\/\/www.ejkrueger.de\/wp-content\/uploads\/2020\/05\/Zylinder-CMT2-200x166.jpg 200w, https:\/\/www.ejkrueger.de\/wp-content\/uploads\/2020\/05\/Zylinder-CMT2-400x332.jpg 400w, https:\/\/www.ejkrueger.de\/wp-content\/uploads\/2020\/05\/Zylinder-CMT2-600x497.jpg 600w, https:\/\/www.ejkrueger.de\/wp-content\/uploads\/2020\/05\/Zylinder-CMT2-800x663.jpg 800w, https:\/\/www.ejkrueger.de\/wp-content\/uploads\/2020\/05\/Zylinder-CMT2.jpg 923w\" sizes=\"(max-width: 800px) 100vw, 300px\" \/><\/span><\/div><\/div><div class=\"fusion-section-separator section-separator horizon fusion-section-separator-1\" style=\"--awb-spacer-padding-top:17.3828125%;--awb-svg-margin-left:0;--awb-svg-margin-right:0;--awb-sep-font-size:0;--awb-sep-line-height:0;\"><div class=\"fusion-section-separator-svg\"><svg class=\"fusion-horizon-candy\" xmlns=\"http:\/\/www.w3.org\/2000\/svg\" version=\"1.1\" width=\"100%\" viewBox=\"0 -0.5 1024 178\" preserveAspectRatio=\"none\" fill=\"rgba(255,255,255,1)\"><path class=\"st0\" d=\"M1024 177.371H0V.219l507.699 133.939L1024 .219v177.152z\"\/>\n\t\t\t\t\t\t\t\t\t<path class=\"st1\" d=\"M1024 177.781H0V39.438l507.699 94.925L1024 39.438v138.343z\"\/>\n\t\t\t\t\t\t\t\t\t<path class=\"st2\" d=\"M1024 177.781H0v-67.892l507.699 24.474L1024 109.889v67.892z\"\/>\n\t\t\t\t\t\t\t\t\t<path class=\"st3\" d=\"M1024 177.781H0v-3.891l507.699-39.526L1024 173.889v3.892z\"\/>\n\t\t\t\t\t\t\t\t<\/svg><\/div><div class=\"fusion-section-separator-spacer\"><div class=\"fusion-section-separator-spacer-height\"><\/div><\/div><\/div><div class=\"fusion-image-element fusion-image-align-center in-legacy-container\" style=\"text-align:center;--awb-caption-title-font-family:var(--h2_typography-font-family);--awb-caption-title-font-weight:var(--h2_typography-font-weight);--awb-caption-title-font-style:var(--h2_typography-font-style);--awb-caption-title-size:var(--h2_typography-font-size);--awb-caption-title-transform:var(--h2_typography-text-transform);--awb-caption-title-line-height:var(--h2_typography-line-height);--awb-caption-title-letter-spacing:var(--h2_typography-letter-spacing);\"><div class=\"imageframe-align-center\"><span class=\" fusion-imageframe imageframe-none imageframe-2 hover-type-zoomin\"><img decoding=\"async\" width=\"300\" height=\"191\" alt=\"Doppelschnecken\" title=\"CE 7 Schnecken 2\" src=\"https:\/\/www.ejkrueger.de\/wp-content\/uploads\/2020\/05\/CE-7-Schnecken-2-300x191.jpg\" class=\"img-responsive wp-image-3789\" srcset=\"https:\/\/www.ejkrueger.de\/wp-content\/uploads\/2020\/05\/CE-7-Schnecken-2-200x127.jpg 200w, https:\/\/www.ejkrueger.de\/wp-content\/uploads\/2020\/05\/CE-7-Schnecken-2-400x254.jpg 400w, https:\/\/www.ejkrueger.de\/wp-content\/uploads\/2020\/05\/CE-7-Schnecken-2-600x381.jpg 600w, https:\/\/www.ejkrueger.de\/wp-content\/uploads\/2020\/05\/CE-7-Schnecken-2-800x508.jpg 800w, https:\/\/www.ejkrueger.de\/wp-content\/uploads\/2020\/05\/CE-7-Schnecken-2.jpg 1160w\" sizes=\"(max-width: 800px) 100vw, 300px\" \/><\/span><\/div><\/div><div class=\"fusion-section-separator section-separator horizon fusion-section-separator-2\" style=\"--awb-spacer-padding-top:17.3828125%;--awb-svg-margin-left:0;--awb-svg-margin-right:0;--awb-sep-font-size:0;--awb-sep-line-height:0;\"><div class=\"fusion-section-separator-svg\"><svg class=\"fusion-horizon-candy\" xmlns=\"http:\/\/www.w3.org\/2000\/svg\" version=\"1.1\" width=\"100%\" viewBox=\"0 -0.5 1024 178\" preserveAspectRatio=\"none\" fill=\"rgba(255,255,255,1)\"><path class=\"st0\" d=\"M1024 177.371H0V.219l507.699 133.939L1024 .219v177.152z\"\/>\n\t\t\t\t\t\t\t\t\t<path class=\"st1\" d=\"M1024 177.781H0V39.438l507.699 94.925L1024 39.438v138.343z\"\/>\n\t\t\t\t\t\t\t\t\t<path class=\"st2\" d=\"M1024 177.781H0v-67.892l507.699 24.474L1024 109.889v67.892z\"\/>\n\t\t\t\t\t\t\t\t\t<path class=\"st3\" d=\"M1024 177.781H0v-3.891l507.699-39.526L1024 173.889v3.892z\"\/>\n\t\t\t\t\t\t\t\t<\/svg><\/div><div class=\"fusion-section-separator-spacer\"><div class=\"fusion-section-separator-spacer-height\"><\/div><\/div><\/div><div class=\"fusion-image-element fusion-image-align-center in-legacy-container\" style=\"text-align:center;--awb-caption-title-font-family:var(--h2_typography-font-family);--awb-caption-title-font-weight:var(--h2_typography-font-weight);--awb-caption-title-font-style:var(--h2_typography-font-style);--awb-caption-title-size:var(--h2_typography-font-size);--awb-caption-title-transform:var(--h2_typography-text-transform);--awb-caption-title-line-height:var(--h2_typography-line-height);--awb-caption-title-letter-spacing:var(--h2_typography-letter-spacing);\"><div class=\"imageframe-align-center\"><span class=\" fusion-imageframe imageframe-none imageframe-3 hover-type-zoomin\"><img decoding=\"async\" width=\"300\" height=\"149\" alt=\"Doppelschnecken\" title=\"Screws.4\" src=\"https:\/\/www.ejkrueger.de\/wp-content\/uploads\/2020\/05\/Screws.4-300x149.jpg\" class=\"img-responsive wp-image-3787\" srcset=\"https:\/\/www.ejkrueger.de\/wp-content\/uploads\/2020\/05\/Screws.4-200x100.jpg 200w, https:\/\/www.ejkrueger.de\/wp-content\/uploads\/2020\/05\/Screws.4-400x199.jpg 400w, https:\/\/www.ejkrueger.de\/wp-content\/uploads\/2020\/05\/Screws.4-600x299.jpg 600w, https:\/\/www.ejkrueger.de\/wp-content\/uploads\/2020\/05\/Screws.4-800x399.jpg 800w, https:\/\/www.ejkrueger.de\/wp-content\/uploads\/2020\/05\/Screws.4-1200x598.jpg 1200w, https:\/\/www.ejkrueger.de\/wp-content\/uploads\/2020\/05\/Screws.4.jpg 1463w\" sizes=\"(max-width: 800px) 100vw, 300px\" \/><\/span><\/div><\/div><div class=\"fusion-clearfix\"><\/div><\/div><\/div><div class=\"fusion-layout-column fusion_builder_column fusion-builder-column-2 fusion_builder_column_1_3 1_3 fusion-one-third fusion-column-first\" style=\"--awb-bg-size:cover;width:33.333333333333%;width:calc(33.333333333333% - ( ( 4% ) * 0.33333333333333 ) );margin-right: 4%;\"><div class=\"fusion-column-wrapper fusion-column-has-shadow fusion-flex-column-wrapper-legacy\"><div class=\"fusion-image-element fusion-image-align-center in-legacy-container\" style=\"text-align:center;--awb-caption-title-font-family:var(--h2_typography-font-family);--awb-caption-title-font-weight:var(--h2_typography-font-weight);--awb-caption-title-font-style:var(--h2_typography-font-style);--awb-caption-title-size:var(--h2_typography-font-size);--awb-caption-title-transform:var(--h2_typography-text-transform);--awb-caption-title-line-height:var(--h2_typography-line-height);--awb-caption-title-letter-spacing:var(--h2_typography-letter-spacing);\"><div class=\"imageframe-align-center\"><span class=\" fusion-imageframe imageframe-none imageframe-4 hover-type-zoomin\"><img decoding=\"async\" width=\"300\" height=\"126\" alt=\"Doppelschneckenzylinder\" title=\"CE 7 ZB\" src=\"https:\/\/www.ejkrueger.de\/wp-content\/uploads\/2020\/05\/CE-7-ZB-300x126.jpg\" class=\"img-responsive wp-image-3791\" srcset=\"https:\/\/www.ejkrueger.de\/wp-content\/uploads\/2020\/05\/CE-7-ZB-200x84.jpg 200w, https:\/\/www.ejkrueger.de\/wp-content\/uploads\/2020\/05\/CE-7-ZB-400x169.jpg 400w, https:\/\/www.ejkrueger.de\/wp-content\/uploads\/2020\/05\/CE-7-ZB-600x253.jpg 600w, https:\/\/www.ejkrueger.de\/wp-content\/uploads\/2020\/05\/CE-7-ZB-800x337.jpg 800w, https:\/\/www.ejkrueger.de\/wp-content\/uploads\/2020\/05\/CE-7-ZB-1200x506.jpg 1200w, https:\/\/www.ejkrueger.de\/wp-content\/uploads\/2020\/05\/CE-7-ZB.jpg 1355w\" sizes=\"(max-width: 800px) 100vw, 300px\" \/><\/span><\/div><\/div><div class=\"fusion-clearfix\"><\/div><\/div><\/div><div class=\"fusion-layout-column fusion_builder_column fusion-builder-column-3 fusion_builder_column_1_3 1_3 fusion-one-third fusion-column-last\" style=\"--awb-bg-size:cover;width:33.333333333333%;width:calc(33.333333333333% - ( ( 4% ) * 0.33333333333333 ) );\"><div class=\"fusion-column-wrapper fusion-column-has-shadow fusion-flex-column-wrapper-legacy\"><div class=\"fusion-image-element fusion-image-align-center in-legacy-container\" style=\"text-align:center;--awb-caption-title-font-family:var(--h2_typography-font-family);--awb-caption-title-font-weight:var(--h2_typography-font-weight);--awb-caption-title-font-style:var(--h2_typography-font-style);--awb-caption-title-size:var(--h2_typography-font-size);--awb-caption-title-transform:var(--h2_typography-text-transform);--awb-caption-title-line-height:var(--h2_typography-line-height);--awb-caption-title-letter-spacing:var(--h2_typography-letter-spacing);\"><div class=\"imageframe-align-center\"><span class=\" fusion-imageframe imageframe-none imageframe-5 hover-type-zoomin\"><img decoding=\"async\" width=\"300\" height=\"105\" alt=\"Doppelschnecken\" title=\"H2.2\" src=\"https:\/\/www.ejkrueger.de\/wp-content\/uploads\/2020\/05\/H2.2-1-300x105.png\" class=\"img-responsive wp-image-3800\" srcset=\"https:\/\/www.ejkrueger.de\/wp-content\/uploads\/2020\/05\/H2.2-1-200x70.png 200w, https:\/\/www.ejkrueger.de\/wp-content\/uploads\/2020\/05\/H2.2-1-400x140.png 400w, https:\/\/www.ejkrueger.de\/wp-content\/uploads\/2020\/05\/H2.2-1-600x210.png 600w, https:\/\/www.ejkrueger.de\/wp-content\/uploads\/2020\/05\/H2.2-1-800x280.png 800w, https:\/\/www.ejkrueger.de\/wp-content\/uploads\/2020\/05\/H2.2-1-1200x419.png 1200w, https:\/\/www.ejkrueger.de\/wp-content\/uploads\/2020\/05\/H2.2-1.png 1522w\" sizes=\"(max-width: 800px) 100vw, 300px\" \/><\/span><\/div><\/div><div class=\"fusion-clearfix\"><\/div><\/div><\/div><\/div><\/div>\n","protected":false},"excerpt":{"rendered":"","protected":false},"author":1,"featured_media":0,"parent":0,"menu_order":0,"comment_status":"closed","ping_status":"closed","template":"","meta":{"footnotes":""},"class_list":["post-3931","page","type-page","status-publish","hentry"],"yoast_head":"<!-- This site is optimized with the Yoast SEO plugin v27.4 - https:\/\/yoast.com\/product\/yoast-seo-wordpress\/ -->\n<title>Counter rotating twin screws - GTS Doppelschnecken f\u00fcr europ\u00e4ische Extruder - direktes Angebot<\/title>\n<meta name=\"description\" content=\"Doppelschneckenextruder f\u00fcr Rohr, Profil, Platte und Granulat - GermanTwinscrewS liefert mit GTS-Design einbaukompatibel Verfahrenseinheiten f\u00fcr alle europ\u00e4ischen Extruder\" \/>\n<meta name=\"robots\" content=\"index, follow, max-snippet:-1, max-image-preview:large, max-video-preview:-1\" \/>\n<link rel=\"canonical\" href=\"https:\/\/www.ejkrueger.de\/en\/gegenlaeufer\/\" \/>\n<meta property=\"og:locale\" content=\"en_US\" \/>\n<meta property=\"og:type\" content=\"article\" \/>\n<meta property=\"og:title\" content=\"Counter rotating twin screws - GTS Doppelschnecken f\u00fcr europ\u00e4ische Extruder - direktes Angebot\" \/>\n<meta property=\"og:description\" content=\"Doppelschneckenextruder f\u00fcr Rohr, Profil, Platte und Granulat - GermanTwinscrewS liefert mit GTS-Design einbaukompatibel Verfahrenseinheiten f\u00fcr alle europ\u00e4ischen Extruder\" \/>\n<meta property=\"og:url\" content=\"https:\/\/www.ejkrueger.de\/en\/gegenlaeufer\/\" \/>\n<meta property=\"og:site_name\" content=\"GTS Doppelschnecken f\u00fcr europ\u00e4ische Extruder - direktes Angebot\" \/>\n<meta property=\"article:modified_time\" content=\"2020-07-30T13:05:24+00:00\" \/>\n<meta name=\"twitter:card\" content=\"summary_large_image\" \/>\n<meta name=\"twitter:label1\" content=\"Est. reading time\" \/>\n\t<meta name=\"twitter:data1\" content=\"6 minutes\" \/>\n<script type=\"application\/ld+json\" class=\"yoast-schema-graph\">{\"@context\":\"https:\\\/\\\/schema.org\",\"@graph\":[{\"@type\":\"WebPage\",\"@id\":\"https:\\\/\\\/www.ejkrueger.de\\\/en\\\/gegenlaeufer\\\/\",\"url\":\"https:\\\/\\\/www.ejkrueger.de\\\/en\\\/gegenlaeufer\\\/\",\"name\":\"Counter rotating twin screws - GTS Doppelschnecken f\u00fcr europ\u00e4ische Extruder - direktes Angebot\",\"isPartOf\":{\"@id\":\"https:\\\/\\\/www.ejkrueger.de\\\/#website\"},\"datePublished\":\"2020-01-14T10:42:33+00:00\",\"dateModified\":\"2020-07-30T13:05:24+00:00\",\"description\":\"Doppelschneckenextruder f\u00fcr Rohr, Profil, Platte und Granulat - GermanTwinscrewS liefert mit GTS-Design einbaukompatibel Verfahrenseinheiten f\u00fcr alle europ\u00e4ischen Extruder\",\"breadcrumb\":{\"@id\":\"https:\\\/\\\/www.ejkrueger.de\\\/en\\\/gegenlaeufer\\\/#breadcrumb\"},\"inLanguage\":\"en-US\",\"potentialAction\":[{\"@type\":\"ReadAction\",\"target\":[\"https:\\\/\\\/www.ejkrueger.de\\\/en\\\/gegenlaeufer\\\/\"]}]},{\"@type\":\"BreadcrumbList\",\"@id\":\"https:\\\/\\\/www.ejkrueger.de\\\/en\\\/gegenlaeufer\\\/#breadcrumb\",\"itemListElement\":[{\"@type\":\"ListItem\",\"position\":1,\"name\":\"Startseite\",\"item\":\"https:\\\/\\\/www.ejkrueger.de\\\/en\\\/\"},{\"@type\":\"ListItem\",\"position\":2,\"name\":\"Counter rotating twin screws\"}]},{\"@type\":\"WebSite\",\"@id\":\"https:\\\/\\\/www.ejkrueger.de\\\/#website\",\"url\":\"https:\\\/\\\/www.ejkrueger.de\\\/\",\"name\":\"GTS Doppelschnecken f\u00fcr europ\u00e4ische Extruder - direktes Angebot\",\"description\":\"\",\"potentialAction\":[{\"@type\":\"SearchAction\",\"target\":{\"@type\":\"EntryPoint\",\"urlTemplate\":\"https:\\\/\\\/www.ejkrueger.de\\\/?s={search_term_string}\"},\"query-input\":{\"@type\":\"PropertyValueSpecification\",\"valueRequired\":true,\"valueName\":\"search_term_string\"}}],\"inLanguage\":\"en-US\"}]}<\/script>\n<!-- \/ Yoast SEO plugin. -->","yoast_head_json":{"title":"Counter rotating twin screws - GTS Doppelschnecken f\u00fcr europ\u00e4ische Extruder - direktes Angebot","description":"Doppelschneckenextruder f\u00fcr Rohr, Profil, Platte und Granulat - GermanTwinscrewS liefert mit GTS-Design einbaukompatibel Verfahrenseinheiten f\u00fcr alle europ\u00e4ischen Extruder","robots":{"index":"index","follow":"follow","max-snippet":"max-snippet:-1","max-image-preview":"max-image-preview:large","max-video-preview":"max-video-preview:-1"},"canonical":"https:\/\/www.ejkrueger.de\/en\/gegenlaeufer\/","og_locale":"en_US","og_type":"article","og_title":"Counter rotating twin screws - GTS Doppelschnecken f\u00fcr europ\u00e4ische Extruder - direktes Angebot","og_description":"Doppelschneckenextruder f\u00fcr Rohr, Profil, Platte und Granulat - GermanTwinscrewS liefert mit GTS-Design einbaukompatibel Verfahrenseinheiten f\u00fcr alle europ\u00e4ischen Extruder","og_url":"https:\/\/www.ejkrueger.de\/en\/gegenlaeufer\/","og_site_name":"GTS Doppelschnecken f\u00fcr europ\u00e4ische Extruder - direktes Angebot","article_modified_time":"2020-07-30T13:05:24+00:00","twitter_card":"summary_large_image","twitter_misc":{"Est. reading time":"6 minutes"},"schema":{"@context":"https:\/\/schema.org","@graph":[{"@type":"WebPage","@id":"https:\/\/www.ejkrueger.de\/en\/gegenlaeufer\/","url":"https:\/\/www.ejkrueger.de\/en\/gegenlaeufer\/","name":"Counter rotating twin screws - GTS Doppelschnecken f\u00fcr europ\u00e4ische Extruder - direktes Angebot","isPartOf":{"@id":"https:\/\/www.ejkrueger.de\/#website"},"datePublished":"2020-01-14T10:42:33+00:00","dateModified":"2020-07-30T13:05:24+00:00","description":"Doppelschneckenextruder f\u00fcr Rohr, Profil, Platte und Granulat - GermanTwinscrewS liefert mit GTS-Design einbaukompatibel Verfahrenseinheiten f\u00fcr alle europ\u00e4ischen Extruder","breadcrumb":{"@id":"https:\/\/www.ejkrueger.de\/en\/gegenlaeufer\/#breadcrumb"},"inLanguage":"en-US","potentialAction":[{"@type":"ReadAction","target":["https:\/\/www.ejkrueger.de\/en\/gegenlaeufer\/"]}]},{"@type":"BreadcrumbList","@id":"https:\/\/www.ejkrueger.de\/en\/gegenlaeufer\/#breadcrumb","itemListElement":[{"@type":"ListItem","position":1,"name":"Startseite","item":"https:\/\/www.ejkrueger.de\/en\/"},{"@type":"ListItem","position":2,"name":"Counter rotating twin screws"}]},{"@type":"WebSite","@id":"https:\/\/www.ejkrueger.de\/#website","url":"https:\/\/www.ejkrueger.de\/","name":"GTS Doppelschnecken f\u00fcr europ\u00e4ische Extruder - direktes Angebot","description":"","potentialAction":[{"@type":"SearchAction","target":{"@type":"EntryPoint","urlTemplate":"https:\/\/www.ejkrueger.de\/?s={search_term_string}"},"query-input":{"@type":"PropertyValueSpecification","valueRequired":true,"valueName":"search_term_string"}}],"inLanguage":"en-US"}]}},"_links":{"self":[{"href":"https:\/\/www.ejkrueger.de\/en\/wp-json\/wp\/v2\/pages\/3931","targetHints":{"allow":["GET"]}}],"collection":[{"href":"https:\/\/www.ejkrueger.de\/en\/wp-json\/wp\/v2\/pages"}],"about":[{"href":"https:\/\/www.ejkrueger.de\/en\/wp-json\/wp\/v2\/types\/page"}],"author":[{"embeddable":true,"href":"https:\/\/www.ejkrueger.de\/en\/wp-json\/wp\/v2\/users\/1"}],"replies":[{"embeddable":true,"href":"https:\/\/www.ejkrueger.de\/en\/wp-json\/wp\/v2\/comments?post=3931"}],"version-history":[{"count":2,"href":"https:\/\/www.ejkrueger.de\/en\/wp-json\/wp\/v2\/pages\/3931\/revisions"}],"predecessor-version":[{"id":3933,"href":"https:\/\/www.ejkrueger.de\/en\/wp-json\/wp\/v2\/pages\/3931\/revisions\/3933"}],"wp:attachment":[{"href":"https:\/\/www.ejkrueger.de\/en\/wp-json\/wp\/v2\/media?parent=3931"}],"curies":[{"name":"wp","href":"https:\/\/api.w.org\/{rel}","templated":true}]}}