{"id":3934,"date":"2020-07-30T15:07:41","date_gmt":"2020-07-30T13:07:41","guid":{"rendered":"https:\/\/www.ejkrueger.de\/co-rotating-twin-screws\/"},"modified":"2020-07-30T15:07:42","modified_gmt":"2020-07-30T13:07:42","slug":"co-rotating-twin-screws","status":"publish","type":"page","link":"https:\/\/www.ejkrueger.de\/en\/co-rotating-twin-screws\/","title":{"rendered":"Co-rotating twin screws"},"content":{"rendered":"<p><div class=\"fusion-fullwidth fullwidth-box fusion-builder-row-1 nonhundred-percent-fullwidth non-hundred-percent-height-scrolling\" style=\"--awb-border-radius-top-left:0px;--awb-border-radius-top-right:0px;--awb-border-radius-bottom-right:0px;--awb-border-radius-bottom-left:0px;--awb-flex-wrap:wrap;\" ><div class=\"fusion-builder-row fusion-row\"><div class=\"fusion-layout-column fusion_builder_column fusion-builder-column-0 fusion_builder_column_3_4 3_4 fusion-three-fourth fusion-column-first\" style=\"--awb-bg-size:cover;width:75%;width:calc(75% - ( ( 4% ) * 0.75 ) );margin-right: 4%;\"><div class=\"fusion-column-wrapper fusion-column-has-shadow fusion-flex-column-wrapper-legacy\"><div class=\"fusion-text fusion-text-1\"><h1>Co-rotating twin screws<\/h1>\n<p>EJK supplies shafts and screw elements for co-rotating twin screw systems. The shafts are manufactured by milling and are designed according to the customer&#8217;s drawings. Customer drawings are also the basis for the screw elements.<\/p>\n<p>While standard elements as well as shafts are manufactured in nitrided design, the screw elements can also be manufactured in wear-protected design to a large extent. A large proportion of these are manufactured with the so-called HIP wear protection design.<\/p>\n<ul>\n<li>Maximum length of the screw shafts 7,50m<\/li>\n<li>Max. Diameter of the screw shafts 350mm<\/li>\n<li>Minimum diameter of the screw shafts 40mm<\/li>\n<\/ul>\n<p>Barrel segments are designed according to drawing with an L\/D ratio of 2-5. The outer contour can be manufactured both round and square. After production, all barrel sections are subjected to pressure checks, i.e. a 100% tightness of the temperature control is guaranteed.<\/p>\n<p>Barrel segments are supplied in bimetal or with a corresponding wear protection insert. The wear protection insert is replaceable.<\/p>\n<\/div><div class=\"fusion-clearfix\"><\/div><\/div><\/div><div class=\"fusion-layout-column fusion_builder_column fusion-builder-column-1 fusion_builder_column_1_4 1_4 fusion-one-fourth fusion-column-last\" style=\"--awb-bg-size:cover;width:25%;width:calc(25% - ( ( 4% ) * 0.25 ) );\"><div class=\"fusion-column-wrapper fusion-column-has-shadow fusion-flex-column-wrapper-legacy\"><div class=\"fusion-builder-row fusion-builder-row-inner fusion-row\"><div class=\"fusion-layout-column fusion_builder_column_inner fusion-builder-nested-column-0 fusion_builder_column_inner_1_1 1_1 fusion-one-full fusion-column-first fusion-column-last\" style=\"--awb-bg-size:cover;\"><div class=\"fusion-column-wrapper fusion-column-has-shadow fusion-flex-column-wrapper-legacy\"><div class=\"fusion-clearfix\"><\/div><\/div><\/div><\/div><div class=\"fusion-image-element fusion-image-align-center in-legacy-container\" style=\"text-align:center;--awb-caption-title-font-family:var(--h2_typography-font-family);--awb-caption-title-font-weight:var(--h2_typography-font-weight);--awb-caption-title-font-style:var(--h2_typography-font-style);--awb-caption-title-size:var(--h2_typography-font-size);--awb-caption-title-transform:var(--h2_typography-text-transform);--awb-caption-title-line-height:var(--h2_typography-line-height);--awb-caption-title-letter-spacing:var(--h2_typography-letter-spacing);\"><div class=\"imageframe-align-center\"><span class=\" fusion-imageframe imageframe-none imageframe-1 hover-type-zoomin\" style=\"border:6px solid #ffffff;\"><img decoding=\"async\" width=\"300\" height=\"142\" alt=\"Knetnocken\" title=\"Knetnocken3\" src=\"https:\/\/www.ejkrueger.de\/wp-content\/uploads\/2020\/05\/Knetnocken3-300x142.jpg\" class=\"img-responsive wp-image-3777\" srcset=\"https:\/\/www.ejkrueger.de\/wp-content\/uploads\/2020\/05\/Knetnocken3-200x95.jpg 200w, https:\/\/www.ejkrueger.de\/wp-content\/uploads\/2020\/05\/Knetnocken3-400x190.jpg 400w, https:\/\/www.ejkrueger.de\/wp-content\/uploads\/2020\/05\/Knetnocken3-600x285.jpg 600w, https:\/\/www.ejkrueger.de\/wp-content\/uploads\/2020\/05\/Knetnocken3-800x379.jpg 800w, https:\/\/www.ejkrueger.de\/wp-content\/uploads\/2020\/05\/Knetnocken3-1200x569.jpg 1200w, https:\/\/www.ejkrueger.de\/wp-content\/uploads\/2020\/05\/Knetnocken3.jpg 1841w\" sizes=\"(max-width: 800px) 100vw, 300px\" \/><\/span><\/div><\/div><div class=\"fusion-builder-row fusion-builder-row-inner fusion-row\"><div class=\"fusion-layout-column fusion_builder_column_inner fusion-builder-nested-column-1 fusion_builder_column_inner_1_1 1_1 fusion-one-full fusion-column-first fusion-column-last\" style=\"--awb-bg-size:cover;\"><div class=\"fusion-column-wrapper fusion-column-has-shadow fusion-flex-column-wrapper-legacy\"><div class=\"fusion-clearfix\"><\/div><\/div><\/div><\/div><div class=\"fusion-image-element fusion-image-align-center in-legacy-container\" style=\"text-align:center;--awb-caption-title-font-family:var(--h2_typography-font-family);--awb-caption-title-font-weight:var(--h2_typography-font-weight);--awb-caption-title-font-style:var(--h2_typography-font-style);--awb-caption-title-size:var(--h2_typography-font-size);--awb-caption-title-transform:var(--h2_typography-text-transform);--awb-caption-title-line-height:var(--h2_typography-line-height);--awb-caption-title-letter-spacing:var(--h2_typography-letter-spacing);\"><div class=\"imageframe-align-center\"><span class=\" fusion-imageframe imageframe-none imageframe-2 hover-type-zoomin\" style=\"border:6px solid #ffffff;\"><img decoding=\"async\" width=\"300\" height=\"260\" alt=\"Entgasung\" title=\"Unbenann\" src=\"https:\/\/www.ejkrueger.de\/wp-content\/uploads\/2020\/05\/Unbenann-300x260.png\" class=\"img-responsive wp-image-3781\" srcset=\"https:\/\/www.ejkrueger.de\/wp-content\/uploads\/2020\/05\/Unbenann-200x173.png 200w, https:\/\/www.ejkrueger.de\/wp-content\/uploads\/2020\/05\/Unbenann-400x347.png 400w, https:\/\/www.ejkrueger.de\/wp-content\/uploads\/2020\/05\/Unbenann-600x520.png 600w, https:\/\/www.ejkrueger.de\/wp-content\/uploads\/2020\/05\/Unbenann.png 796w\" sizes=\"(max-width: 800px) 100vw, 300px\" \/><\/span><\/div><\/div><div class=\"fusion-clearfix\"><\/div><\/div><\/div><\/div><\/div><div class=\"fusion-fullwidth fullwidth-box fusion-builder-row-2 fusion-flex-container nonhundred-percent-fullwidth non-hundred-percent-height-scrolling\" style=\"--awb-border-radius-top-left:0px;--awb-border-radius-top-right:0px;--awb-border-radius-bottom-right:0px;--awb-border-radius-bottom-left:0px;--awb-flex-wrap:wrap;\" ><div class=\"fusion-builder-row fusion-row fusion-flex-align-items-flex-start fusion-flex-content-wrap\" style=\"max-width:1248px;margin-left: calc(-4% \/ 2 );margin-right: calc(-4% \/ 2 );\"><div class=\"fusion-layout-column fusion_builder_column fusion-builder-column-2 fusion_builder_column_1_3 1_3 fusion-flex-column\" style=\"--awb-bg-size:cover;--awb-width-large:33.333333333333%;--awb-margin-top-large:0px;--awb-spacing-right-large:5.76%;--awb-margin-bottom-large:20px;--awb-spacing-left-large:5.76%;--awb-width-medium:100%;--awb-order-medium:0;--awb-spacing-right-medium:1.92%;--awb-spacing-left-medium:1.92%;--awb-width-small:100%;--awb-order-small:0;--awb-spacing-right-small:1.92%;--awb-spacing-left-small:1.92%;\"><div class=\"fusion-column-wrapper fusion-column-has-shadow fusion-flex-justify-content-flex-start fusion-content-layout-column\"><div class=\"fusion-image-element \" style=\"text-align:center;--awb-caption-title-font-family:var(--h2_typography-font-family);--awb-caption-title-font-weight:var(--h2_typography-font-weight);--awb-caption-title-font-style:var(--h2_typography-font-style);--awb-caption-title-size:var(--h2_typography-font-size);--awb-caption-title-transform:var(--h2_typography-text-transform);--awb-caption-title-line-height:var(--h2_typography-line-height);--awb-caption-title-letter-spacing:var(--h2_typography-letter-spacing);\"><span class=\" fusion-imageframe imageframe-none imageframe-3 hover-type-zoomin\" style=\"border:6px solid #ffffff;\"><img decoding=\"async\" width=\"300\" height=\"215\" title=\"Schneckenelement_Cropped 7&#215;5\" src=\"https:\/\/www.ejkrueger.de\/wp-content\/uploads\/2020\/07\/Schneckenelement_Cropped-7x5-1-300x215.jpg\" alt class=\"img-responsive wp-image-3904\" srcset=\"https:\/\/www.ejkrueger.de\/wp-content\/uploads\/2020\/07\/Schneckenelement_Cropped-7x5-1-200x143.jpg 200w, https:\/\/www.ejkrueger.de\/wp-content\/uploads\/2020\/07\/Schneckenelement_Cropped-7x5-1-400x286.jpg 400w, https:\/\/www.ejkrueger.de\/wp-content\/uploads\/2020\/07\/Schneckenelement_Cropped-7x5-1-600x429.jpg 600w, https:\/\/www.ejkrueger.de\/wp-content\/uploads\/2020\/07\/Schneckenelement_Cropped-7x5-1.jpg 744w\" sizes=\"(max-width: 1024px) 100vw, (max-width: 640px) 100vw, 400px\" \/><\/span><\/div><\/div><\/div><div class=\"fusion-layout-column fusion_builder_column fusion-builder-column-3 fusion_builder_column_1_3 1_3 fusion-flex-column\" style=\"--awb-bg-size:cover;--awb-width-large:33.333333333333%;--awb-margin-top-large:0px;--awb-spacing-right-large:5.76%;--awb-margin-bottom-large:20px;--awb-spacing-left-large:5.76%;--awb-width-medium:100%;--awb-order-medium:0;--awb-spacing-right-medium:1.92%;--awb-spacing-left-medium:1.92%;--awb-width-small:100%;--awb-order-small:0;--awb-spacing-right-small:1.92%;--awb-spacing-left-small:1.92%;\"><div class=\"fusion-column-wrapper fusion-column-has-shadow fusion-flex-justify-content-flex-start fusion-content-layout-column\"><div class=\"fusion-image-element \" style=\"text-align:center;--awb-caption-title-font-family:var(--h2_typography-font-family);--awb-caption-title-font-weight:var(--h2_typography-font-weight);--awb-caption-title-font-style:var(--h2_typography-font-style);--awb-caption-title-size:var(--h2_typography-font-size);--awb-caption-title-transform:var(--h2_typography-text-transform);--awb-caption-title-line-height:var(--h2_typography-line-height);--awb-caption-title-letter-spacing:var(--h2_typography-letter-spacing);\"><span class=\" fusion-imageframe imageframe-none imageframe-4 hover-type-zoomin\" style=\"border:6px solid #ffffff;\"><img decoding=\"async\" width=\"300\" height=\"214\" title=\"Knetteil 7&#215;5 grau\" src=\"https:\/\/www.ejkrueger.de\/wp-content\/uploads\/2020\/07\/Knetteil-7x5-grau-300x214.jpg\" alt class=\"img-responsive wp-image-3908\" srcset=\"https:\/\/www.ejkrueger.de\/wp-content\/uploads\/2020\/07\/Knetteil-7x5-grau-200x143.jpg 200w, https:\/\/www.ejkrueger.de\/wp-content\/uploads\/2020\/07\/Knetteil-7x5-grau-400x286.jpg 400w, https:\/\/www.ejkrueger.de\/wp-content\/uploads\/2020\/07\/Knetteil-7x5-grau-600x429.jpg 600w, https:\/\/www.ejkrueger.de\/wp-content\/uploads\/2020\/07\/Knetteil-7x5-grau-800x571.jpg 800w, https:\/\/www.ejkrueger.de\/wp-content\/uploads\/2020\/07\/Knetteil-7x5-grau-1200x857.jpg 1200w\" sizes=\"(max-width: 1024px) 100vw, (max-width: 640px) 100vw, 400px\" \/><\/span><\/div><\/div><\/div><div class=\"fusion-layout-column fusion_builder_column fusion-builder-column-4 fusion_builder_column_1_3 1_3 fusion-flex-column\" style=\"--awb-bg-size:cover;--awb-width-large:33.333333333333%;--awb-margin-top-large:0px;--awb-spacing-right-large:5.76%;--awb-margin-bottom-large:20px;--awb-spacing-left-large:5.76%;--awb-width-medium:100%;--awb-order-medium:0;--awb-spacing-right-medium:1.92%;--awb-spacing-left-medium:1.92%;--awb-width-small:100%;--awb-order-small:0;--awb-spacing-right-small:1.92%;--awb-spacing-left-small:1.92%;\"><div class=\"fusion-column-wrapper fusion-column-has-shadow fusion-flex-justify-content-flex-start fusion-content-layout-column\"><\/div><\/div><\/div><\/div><\/p>\n","protected":false},"excerpt":{"rendered":"","protected":false},"author":1,"featured_media":0,"parent":0,"menu_order":0,"comment_status":"closed","ping_status":"closed","template":"","meta":{"footnotes":""},"class_list":["post-3934","page","type-page","status-publish","hentry"],"yoast_head":"<!-- This site is optimized with the Yoast SEO plugin v27.4 - https:\/\/yoast.com\/product\/yoast-seo-wordpress\/ -->\n<title>Co-rotating twin screws - GTS Doppelschnecken f\u00fcr europ\u00e4ische Extruder - direktes Angebot<\/title>\n<meta name=\"description\" content=\"Doppelschneckenextruder f\u00fcr Rohr, Profil, Platte und Granulat - GermanTwinscrewS liefert mit GTS-Design einbaukompatibel Verfahrenseinheiten f\u00fcr alle europ\u00e4ischen Extruder\" \/>\n<meta name=\"robots\" content=\"index, follow, max-snippet:-1, max-image-preview:large, max-video-preview:-1\" \/>\n<link rel=\"canonical\" href=\"https:\/\/www.ejkrueger.de\/en\/co-rotating-twin-screws\/\" \/>\n<meta property=\"og:locale\" content=\"en_US\" \/>\n<meta property=\"og:type\" content=\"article\" \/>\n<meta property=\"og:title\" content=\"Co-rotating twin screws - GTS Doppelschnecken f\u00fcr europ\u00e4ische Extruder - direktes Angebot\" \/>\n<meta property=\"og:description\" content=\"Doppelschneckenextruder f\u00fcr Rohr, Profil, Platte und Granulat - GermanTwinscrewS liefert mit GTS-Design einbaukompatibel Verfahrenseinheiten f\u00fcr alle europ\u00e4ischen Extruder\" \/>\n<meta property=\"og:url\" content=\"https:\/\/www.ejkrueger.de\/en\/co-rotating-twin-screws\/\" \/>\n<meta property=\"og:site_name\" content=\"GTS Doppelschnecken f\u00fcr europ\u00e4ische Extruder - direktes Angebot\" \/>\n<meta property=\"article:modified_time\" content=\"2020-07-30T13:07:42+00:00\" \/>\n<meta name=\"twitter:card\" content=\"summary_large_image\" \/>\n<meta name=\"twitter:label1\" content=\"Est. reading time\" \/>\n\t<meta name=\"twitter:data1\" content=\"11 minutes\" \/>\n<script type=\"application\/ld+json\" class=\"yoast-schema-graph\">{\"@context\":\"https:\\\/\\\/schema.org\",\"@graph\":[{\"@type\":\"WebPage\",\"@id\":\"https:\\\/\\\/www.ejkrueger.de\\\/en\\\/co-rotating-twin-screws\\\/\",\"url\":\"https:\\\/\\\/www.ejkrueger.de\\\/en\\\/co-rotating-twin-screws\\\/\",\"name\":\"Co-rotating twin screws - GTS Doppelschnecken f\u00fcr europ\u00e4ische Extruder - direktes Angebot\",\"isPartOf\":{\"@id\":\"https:\\\/\\\/www.ejkrueger.de\\\/#website\"},\"datePublished\":\"2020-07-30T13:07:41+00:00\",\"dateModified\":\"2020-07-30T13:07:42+00:00\",\"description\":\"Doppelschneckenextruder f\u00fcr Rohr, Profil, Platte und Granulat - GermanTwinscrewS liefert mit GTS-Design einbaukompatibel Verfahrenseinheiten f\u00fcr alle europ\u00e4ischen Extruder\",\"breadcrumb\":{\"@id\":\"https:\\\/\\\/www.ejkrueger.de\\\/en\\\/co-rotating-twin-screws\\\/#breadcrumb\"},\"inLanguage\":\"en-US\",\"potentialAction\":[{\"@type\":\"ReadAction\",\"target\":[\"https:\\\/\\\/www.ejkrueger.de\\\/en\\\/co-rotating-twin-screws\\\/\"]}]},{\"@type\":\"BreadcrumbList\",\"@id\":\"https:\\\/\\\/www.ejkrueger.de\\\/en\\\/co-rotating-twin-screws\\\/#breadcrumb\",\"itemListElement\":[{\"@type\":\"ListItem\",\"position\":1,\"name\":\"Startseite\",\"item\":\"https:\\\/\\\/www.ejkrueger.de\\\/en\\\/\"},{\"@type\":\"ListItem\",\"position\":2,\"name\":\"Co-rotating twin screws\"}]},{\"@type\":\"WebSite\",\"@id\":\"https:\\\/\\\/www.ejkrueger.de\\\/#website\",\"url\":\"https:\\\/\\\/www.ejkrueger.de\\\/\",\"name\":\"GTS Doppelschnecken f\u00fcr europ\u00e4ische Extruder - direktes Angebot\",\"description\":\"\",\"potentialAction\":[{\"@type\":\"SearchAction\",\"target\":{\"@type\":\"EntryPoint\",\"urlTemplate\":\"https:\\\/\\\/www.ejkrueger.de\\\/?s={search_term_string}\"},\"query-input\":{\"@type\":\"PropertyValueSpecification\",\"valueRequired\":true,\"valueName\":\"search_term_string\"}}],\"inLanguage\":\"en-US\"}]}<\/script>\n<!-- \/ Yoast SEO plugin. -->","yoast_head_json":{"title":"Co-rotating twin screws - GTS Doppelschnecken f\u00fcr europ\u00e4ische Extruder - direktes Angebot","description":"Doppelschneckenextruder f\u00fcr Rohr, Profil, Platte und Granulat - GermanTwinscrewS liefert mit GTS-Design einbaukompatibel Verfahrenseinheiten f\u00fcr alle europ\u00e4ischen Extruder","robots":{"index":"index","follow":"follow","max-snippet":"max-snippet:-1","max-image-preview":"max-image-preview:large","max-video-preview":"max-video-preview:-1"},"canonical":"https:\/\/www.ejkrueger.de\/en\/co-rotating-twin-screws\/","og_locale":"en_US","og_type":"article","og_title":"Co-rotating twin screws - GTS Doppelschnecken f\u00fcr europ\u00e4ische Extruder - direktes Angebot","og_description":"Doppelschneckenextruder f\u00fcr Rohr, Profil, Platte und Granulat - GermanTwinscrewS liefert mit GTS-Design einbaukompatibel Verfahrenseinheiten f\u00fcr alle europ\u00e4ischen Extruder","og_url":"https:\/\/www.ejkrueger.de\/en\/co-rotating-twin-screws\/","og_site_name":"GTS Doppelschnecken f\u00fcr europ\u00e4ische Extruder - direktes Angebot","article_modified_time":"2020-07-30T13:07:42+00:00","twitter_card":"summary_large_image","twitter_misc":{"Est. reading time":"11 minutes"},"schema":{"@context":"https:\/\/schema.org","@graph":[{"@type":"WebPage","@id":"https:\/\/www.ejkrueger.de\/en\/co-rotating-twin-screws\/","url":"https:\/\/www.ejkrueger.de\/en\/co-rotating-twin-screws\/","name":"Co-rotating twin screws - GTS Doppelschnecken f\u00fcr europ\u00e4ische Extruder - direktes Angebot","isPartOf":{"@id":"https:\/\/www.ejkrueger.de\/#website"},"datePublished":"2020-07-30T13:07:41+00:00","dateModified":"2020-07-30T13:07:42+00:00","description":"Doppelschneckenextruder f\u00fcr Rohr, Profil, Platte und Granulat - GermanTwinscrewS liefert mit GTS-Design einbaukompatibel Verfahrenseinheiten f\u00fcr alle europ\u00e4ischen Extruder","breadcrumb":{"@id":"https:\/\/www.ejkrueger.de\/en\/co-rotating-twin-screws\/#breadcrumb"},"inLanguage":"en-US","potentialAction":[{"@type":"ReadAction","target":["https:\/\/www.ejkrueger.de\/en\/co-rotating-twin-screws\/"]}]},{"@type":"BreadcrumbList","@id":"https:\/\/www.ejkrueger.de\/en\/co-rotating-twin-screws\/#breadcrumb","itemListElement":[{"@type":"ListItem","position":1,"name":"Startseite","item":"https:\/\/www.ejkrueger.de\/en\/"},{"@type":"ListItem","position":2,"name":"Co-rotating twin screws"}]},{"@type":"WebSite","@id":"https:\/\/www.ejkrueger.de\/#website","url":"https:\/\/www.ejkrueger.de\/","name":"GTS Doppelschnecken f\u00fcr europ\u00e4ische Extruder - direktes Angebot","description":"","potentialAction":[{"@type":"SearchAction","target":{"@type":"EntryPoint","urlTemplate":"https:\/\/www.ejkrueger.de\/?s={search_term_string}"},"query-input":{"@type":"PropertyValueSpecification","valueRequired":true,"valueName":"search_term_string"}}],"inLanguage":"en-US"}]}},"_links":{"self":[{"href":"https:\/\/www.ejkrueger.de\/en\/wp-json\/wp\/v2\/pages\/3934","targetHints":{"allow":["GET"]}}],"collection":[{"href":"https:\/\/www.ejkrueger.de\/en\/wp-json\/wp\/v2\/pages"}],"about":[{"href":"https:\/\/www.ejkrueger.de\/en\/wp-json\/wp\/v2\/types\/page"}],"author":[{"embeddable":true,"href":"https:\/\/www.ejkrueger.de\/en\/wp-json\/wp\/v2\/users\/1"}],"replies":[{"embeddable":true,"href":"https:\/\/www.ejkrueger.de\/en\/wp-json\/wp\/v2\/comments?post=3934"}],"version-history":[{"count":1,"href":"https:\/\/www.ejkrueger.de\/en\/wp-json\/wp\/v2\/pages\/3934\/revisions"}],"predecessor-version":[{"id":3935,"href":"https:\/\/www.ejkrueger.de\/en\/wp-json\/wp\/v2\/pages\/3934\/revisions\/3935"}],"wp:attachment":[{"href":"https:\/\/www.ejkrueger.de\/en\/wp-json\/wp\/v2\/media?parent=3934"}],"curies":[{"name":"wp","href":"https:\/\/api.w.org\/{rel}","templated":true}]}}