{"id":3937,"date":"2020-07-30T15:10:56","date_gmt":"2020-07-30T13:10:56","guid":{"rendered":"https:\/\/www.ejkrueger.de\/accessories-2\/"},"modified":"2020-07-30T15:10:57","modified_gmt":"2020-07-30T13:10:57","slug":"accessories-2","status":"publish","type":"page","link":"https:\/\/www.ejkrueger.de\/en\/accessories-2\/","title":{"rendered":"Accessories"},"content":{"rendered":"<div class=\"fusion-fullwidth fullwidth-box fusion-builder-row-1 nonhundred-percent-fullwidth non-hundred-percent-height-scrolling\" style=\"--awb-border-radius-top-left:0px;--awb-border-radius-top-right:0px;--awb-border-radius-bottom-right:0px;--awb-border-radius-bottom-left:0px;--awb-flex-wrap:wrap;\" ><div class=\"fusion-builder-row fusion-row\"><div class=\"fusion-layout-column fusion_builder_column fusion-builder-column-0 fusion_builder_column_3_4 3_4 fusion-three-fourth fusion-column-first\" style=\"--awb-bg-size:cover;width:75%;width:calc(75% - ( ( 4% ) * 0.75 ) );margin-right: 4%;\"><div class=\"fusion-column-wrapper fusion-column-has-shadow fusion-flex-column-wrapper-legacy\"><div class=\"fusion-text fusion-text-1\"><h1>Accessories<\/h1>\n<p>EJK supplies accessories for the OEM sector in the extrusion industry. These are rotationally symmetric parts or deep-drilled parts or elements that are manufactured on 4D or 5-axis milling centres. The maximum clamping dimensions of these machining centers are 4m in length and a unit weight of approx. 10 tons.<\/p>\n<p>Of course, the majority of the accessories for extrusion are produced on a variety of smaller machines. In addition to standard steel qualities such as 1.8519, we can also process a large number of special steels or high-strength aluminium alloys.<\/p>\n<p>The complete processing of the accessory parts is carried out according to corresponding customer drawings.<\/p>\n<\/div><div class=\"fusion-image-element fusion-image-align-center in-legacy-container\" style=\"text-align:center;--awb-caption-title-font-family:var(--h2_typography-font-family);--awb-caption-title-font-weight:var(--h2_typography-font-weight);--awb-caption-title-font-style:var(--h2_typography-font-style);--awb-caption-title-size:var(--h2_typography-font-size);--awb-caption-title-transform:var(--h2_typography-text-transform);--awb-caption-title-line-height:var(--h2_typography-line-height);--awb-caption-title-letter-spacing:var(--h2_typography-letter-spacing);\"><div class=\"imageframe-align-center\"><span class=\" fusion-imageframe imageframe-none imageframe-1 hover-type-zoomin\" style=\"border:6px solid #ffffff;\"><img decoding=\"async\" width=\"300\" height=\"169\" alt=\"Rohrkopf\" title=\"co-Rohrkopf\" src=\"https:\/\/www.ejkrueger.de\/wp-content\/uploads\/2020\/05\/co-Rohrkopf-300x169.jpg\" class=\"img-responsive wp-image-3842\" srcset=\"https:\/\/www.ejkrueger.de\/wp-content\/uploads\/2020\/05\/co-Rohrkopf-200x112.jpg 200w, https:\/\/www.ejkrueger.de\/wp-content\/uploads\/2020\/05\/co-Rohrkopf-400x225.jpg 400w, https:\/\/www.ejkrueger.de\/wp-content\/uploads\/2020\/05\/co-Rohrkopf-600x337.jpg 600w, https:\/\/www.ejkrueger.de\/wp-content\/uploads\/2020\/05\/co-Rohrkopf-800x450.jpg 800w, https:\/\/www.ejkrueger.de\/wp-content\/uploads\/2020\/05\/co-Rohrkopf-1200x675.jpg 1200w\" sizes=\"(max-width: 800px) 100vw, 300px\" \/><\/span><\/div><\/div><div class=\"fusion-clearfix\"><\/div><\/div><\/div><div class=\"fusion-layout-column fusion_builder_column fusion-builder-column-1 fusion_builder_column_1_4 1_4 fusion-one-fourth fusion-column-last\" style=\"--awb-bg-size:cover;width:25%;width:calc(25% - ( ( 4% ) * 0.25 ) );\"><div class=\"fusion-column-wrapper fusion-column-has-shadow fusion-flex-column-wrapper-legacy\"><div class=\"fusion-image-element fusion-image-align-center in-legacy-container\" style=\"text-align:center;--awb-caption-title-font-family:var(--h2_typography-font-family);--awb-caption-title-font-weight:var(--h2_typography-font-weight);--awb-caption-title-font-style:var(--h2_typography-font-style);--awb-caption-title-size:var(--h2_typography-font-size);--awb-caption-title-transform:var(--h2_typography-text-transform);--awb-caption-title-line-height:var(--h2_typography-line-height);--awb-caption-title-letter-spacing:var(--h2_typography-letter-spacing);\"><div class=\"imageframe-align-center\"><span class=\" fusion-imageframe imageframe-none imageframe-2 hover-type-zoomin\" style=\"border:6px solid #ffffff;\"><img decoding=\"async\" width=\"300\" height=\"221\" alt=\"Zubehoer\" title=\"14\" src=\"https:\/\/www.ejkrueger.de\/wp-content\/uploads\/2020\/05\/14-300x221.png\" class=\"img-responsive wp-image-3839\" srcset=\"https:\/\/www.ejkrueger.de\/wp-content\/uploads\/2020\/05\/14-200x147.png 200w, https:\/\/www.ejkrueger.de\/wp-content\/uploads\/2020\/05\/14-400x295.png 400w, https:\/\/www.ejkrueger.de\/wp-content\/uploads\/2020\/05\/14-600x442.png 600w, https:\/\/www.ejkrueger.de\/wp-content\/uploads\/2020\/05\/14-800x589.png 800w, https:\/\/www.ejkrueger.de\/wp-content\/uploads\/2020\/05\/14.png 896w\" sizes=\"(max-width: 800px) 100vw, 300px\" \/><\/span><\/div><\/div><div class=\"fusion-image-element fusion-image-align-center in-legacy-container\" style=\"text-align:center;--awb-caption-title-font-family:var(--h2_typography-font-family);--awb-caption-title-font-weight:var(--h2_typography-font-weight);--awb-caption-title-font-style:var(--h2_typography-font-style);--awb-caption-title-size:var(--h2_typography-font-size);--awb-caption-title-transform:var(--h2_typography-text-transform);--awb-caption-title-line-height:var(--h2_typography-line-height);--awb-caption-title-letter-spacing:var(--h2_typography-letter-spacing);\"><div class=\"imageframe-align-center\"><span class=\" fusion-imageframe imageframe-none imageframe-3 hover-type-zoomin\" style=\"border:6px solid #ffffff;\"><img decoding=\"async\" width=\"300\" height=\"255\" alt=\"Granulierscheibe\" title=\"Granulierscheibe\" src=\"https:\/\/www.ejkrueger.de\/wp-content\/uploads\/2020\/05\/Granulierscheibe--300x255.jpg\" class=\"img-responsive wp-image-3844\" srcset=\"https:\/\/www.ejkrueger.de\/wp-content\/uploads\/2020\/05\/Granulierscheibe--200x170.jpg 200w, https:\/\/www.ejkrueger.de\/wp-content\/uploads\/2020\/05\/Granulierscheibe--400x340.jpg 400w, https:\/\/www.ejkrueger.de\/wp-content\/uploads\/2020\/05\/Granulierscheibe--600x510.jpg 600w, https:\/\/www.ejkrueger.de\/wp-content\/uploads\/2020\/05\/Granulierscheibe-.jpg 771w\" sizes=\"(max-width: 800px) 100vw, 300px\" \/><\/span><\/div><\/div><div class=\"fusion-clearfix\"><\/div><\/div><\/div><\/div><\/div>\n","protected":false},"excerpt":{"rendered":"","protected":false},"author":1,"featured_media":0,"parent":0,"menu_order":0,"comment_status":"closed","ping_status":"closed","template":"","meta":{"footnotes":""},"class_list":["post-3937","page","type-page","status-publish","hentry"],"yoast_head":"<!-- This site is optimized with the Yoast SEO plugin v27.4 - https:\/\/yoast.com\/product\/yoast-seo-wordpress\/ -->\n<title>Accessories - GTS Doppelschnecken f\u00fcr europ\u00e4ische Extruder - direktes Angebot<\/title>\n<meta name=\"description\" content=\"Doppelschneckenextruder f\u00fcr Rohr, Profil, Platte und Granulat - GermanTwinscrewS liefert mit GTS-Design einbaukompatibel Verfahrenseinheiten f\u00fcr alle europ\u00e4ischen Extruder\" \/>\n<meta name=\"robots\" content=\"index, follow, max-snippet:-1, max-image-preview:large, max-video-preview:-1\" \/>\n<link rel=\"canonical\" href=\"https:\/\/www.ejkrueger.de\/en\/accessories-2\/\" \/>\n<meta property=\"og:locale\" content=\"en_US\" \/>\n<meta property=\"og:type\" content=\"article\" \/>\n<meta property=\"og:title\" content=\"Accessories - GTS Doppelschnecken f\u00fcr europ\u00e4ische Extruder - direktes Angebot\" \/>\n<meta property=\"og:description\" content=\"Doppelschneckenextruder f\u00fcr Rohr, Profil, Platte und Granulat - GermanTwinscrewS liefert mit GTS-Design einbaukompatibel Verfahrenseinheiten f\u00fcr alle europ\u00e4ischen Extruder\" \/>\n<meta property=\"og:url\" content=\"https:\/\/www.ejkrueger.de\/en\/accessories-2\/\" \/>\n<meta property=\"og:site_name\" content=\"GTS Doppelschnecken f\u00fcr europ\u00e4ische Extruder - direktes Angebot\" \/>\n<meta property=\"article:modified_time\" content=\"2020-07-30T13:10:57+00:00\" \/>\n<meta name=\"twitter:card\" content=\"summary_large_image\" \/>\n<meta name=\"twitter:label1\" content=\"Est. reading time\" \/>\n\t<meta name=\"twitter:data1\" content=\"3 minutes\" \/>\n<script type=\"application\/ld+json\" class=\"yoast-schema-graph\">{\"@context\":\"https:\\\/\\\/schema.org\",\"@graph\":[{\"@type\":\"WebPage\",\"@id\":\"https:\\\/\\\/www.ejkrueger.de\\\/en\\\/accessories-2\\\/\",\"url\":\"https:\\\/\\\/www.ejkrueger.de\\\/en\\\/accessories-2\\\/\",\"name\":\"Accessories - GTS Doppelschnecken f\u00fcr europ\u00e4ische Extruder - direktes Angebot\",\"isPartOf\":{\"@id\":\"https:\\\/\\\/www.ejkrueger.de\\\/#website\"},\"datePublished\":\"2020-07-30T13:10:56+00:00\",\"dateModified\":\"2020-07-30T13:10:57+00:00\",\"description\":\"Doppelschneckenextruder f\u00fcr Rohr, Profil, Platte und Granulat - GermanTwinscrewS liefert mit GTS-Design einbaukompatibel Verfahrenseinheiten f\u00fcr alle europ\u00e4ischen Extruder\",\"breadcrumb\":{\"@id\":\"https:\\\/\\\/www.ejkrueger.de\\\/en\\\/accessories-2\\\/#breadcrumb\"},\"inLanguage\":\"en-US\",\"potentialAction\":[{\"@type\":\"ReadAction\",\"target\":[\"https:\\\/\\\/www.ejkrueger.de\\\/en\\\/accessories-2\\\/\"]}]},{\"@type\":\"BreadcrumbList\",\"@id\":\"https:\\\/\\\/www.ejkrueger.de\\\/en\\\/accessories-2\\\/#breadcrumb\",\"itemListElement\":[{\"@type\":\"ListItem\",\"position\":1,\"name\":\"Startseite\",\"item\":\"https:\\\/\\\/www.ejkrueger.de\\\/en\\\/\"},{\"@type\":\"ListItem\",\"position\":2,\"name\":\"Accessories\"}]},{\"@type\":\"WebSite\",\"@id\":\"https:\\\/\\\/www.ejkrueger.de\\\/#website\",\"url\":\"https:\\\/\\\/www.ejkrueger.de\\\/\",\"name\":\"GTS Doppelschnecken f\u00fcr europ\u00e4ische Extruder - direktes Angebot\",\"description\":\"\",\"potentialAction\":[{\"@type\":\"SearchAction\",\"target\":{\"@type\":\"EntryPoint\",\"urlTemplate\":\"https:\\\/\\\/www.ejkrueger.de\\\/?s={search_term_string}\"},\"query-input\":{\"@type\":\"PropertyValueSpecification\",\"valueRequired\":true,\"valueName\":\"search_term_string\"}}],\"inLanguage\":\"en-US\"}]}<\/script>\n<!-- \/ Yoast SEO plugin. -->","yoast_head_json":{"title":"Accessories - GTS Doppelschnecken f\u00fcr europ\u00e4ische Extruder - direktes Angebot","description":"Doppelschneckenextruder f\u00fcr Rohr, Profil, Platte und Granulat - GermanTwinscrewS liefert mit GTS-Design einbaukompatibel Verfahrenseinheiten f\u00fcr alle europ\u00e4ischen Extruder","robots":{"index":"index","follow":"follow","max-snippet":"max-snippet:-1","max-image-preview":"max-image-preview:large","max-video-preview":"max-video-preview:-1"},"canonical":"https:\/\/www.ejkrueger.de\/en\/accessories-2\/","og_locale":"en_US","og_type":"article","og_title":"Accessories - GTS Doppelschnecken f\u00fcr europ\u00e4ische Extruder - direktes Angebot","og_description":"Doppelschneckenextruder f\u00fcr Rohr, Profil, Platte und Granulat - GermanTwinscrewS liefert mit GTS-Design einbaukompatibel Verfahrenseinheiten f\u00fcr alle europ\u00e4ischen Extruder","og_url":"https:\/\/www.ejkrueger.de\/en\/accessories-2\/","og_site_name":"GTS Doppelschnecken f\u00fcr europ\u00e4ische Extruder - direktes Angebot","article_modified_time":"2020-07-30T13:10:57+00:00","twitter_card":"summary_large_image","twitter_misc":{"Est. reading time":"3 minutes"},"schema":{"@context":"https:\/\/schema.org","@graph":[{"@type":"WebPage","@id":"https:\/\/www.ejkrueger.de\/en\/accessories-2\/","url":"https:\/\/www.ejkrueger.de\/en\/accessories-2\/","name":"Accessories - GTS Doppelschnecken f\u00fcr europ\u00e4ische Extruder - direktes Angebot","isPartOf":{"@id":"https:\/\/www.ejkrueger.de\/#website"},"datePublished":"2020-07-30T13:10:56+00:00","dateModified":"2020-07-30T13:10:57+00:00","description":"Doppelschneckenextruder f\u00fcr Rohr, Profil, Platte und Granulat - GermanTwinscrewS liefert mit GTS-Design einbaukompatibel Verfahrenseinheiten f\u00fcr alle europ\u00e4ischen Extruder","breadcrumb":{"@id":"https:\/\/www.ejkrueger.de\/en\/accessories-2\/#breadcrumb"},"inLanguage":"en-US","potentialAction":[{"@type":"ReadAction","target":["https:\/\/www.ejkrueger.de\/en\/accessories-2\/"]}]},{"@type":"BreadcrumbList","@id":"https:\/\/www.ejkrueger.de\/en\/accessories-2\/#breadcrumb","itemListElement":[{"@type":"ListItem","position":1,"name":"Startseite","item":"https:\/\/www.ejkrueger.de\/en\/"},{"@type":"ListItem","position":2,"name":"Accessories"}]},{"@type":"WebSite","@id":"https:\/\/www.ejkrueger.de\/#website","url":"https:\/\/www.ejkrueger.de\/","name":"GTS Doppelschnecken f\u00fcr europ\u00e4ische Extruder - direktes Angebot","description":"","potentialAction":[{"@type":"SearchAction","target":{"@type":"EntryPoint","urlTemplate":"https:\/\/www.ejkrueger.de\/?s={search_term_string}"},"query-input":{"@type":"PropertyValueSpecification","valueRequired":true,"valueName":"search_term_string"}}],"inLanguage":"en-US"}]}},"_links":{"self":[{"href":"https:\/\/www.ejkrueger.de\/en\/wp-json\/wp\/v2\/pages\/3937","targetHints":{"allow":["GET"]}}],"collection":[{"href":"https:\/\/www.ejkrueger.de\/en\/wp-json\/wp\/v2\/pages"}],"about":[{"href":"https:\/\/www.ejkrueger.de\/en\/wp-json\/wp\/v2\/types\/page"}],"author":[{"embeddable":true,"href":"https:\/\/www.ejkrueger.de\/en\/wp-json\/wp\/v2\/users\/1"}],"replies":[{"embeddable":true,"href":"https:\/\/www.ejkrueger.de\/en\/wp-json\/wp\/v2\/comments?post=3937"}],"version-history":[{"count":1,"href":"https:\/\/www.ejkrueger.de\/en\/wp-json\/wp\/v2\/pages\/3937\/revisions"}],"predecessor-version":[{"id":3938,"href":"https:\/\/www.ejkrueger.de\/en\/wp-json\/wp\/v2\/pages\/3937\/revisions\/3938"}],"wp:attachment":[{"href":"https:\/\/www.ejkrueger.de\/en\/wp-json\/wp\/v2\/media?parent=3937"}],"curies":[{"name":"wp","href":"https:\/\/api.w.org\/{rel}","templated":true}]}}