{"id":498,"date":"2017-03-20T10:41:35","date_gmt":"2017-03-20T09:41:35","guid":{"rendered":"http:\/\/info.germantwinscrews.de\/?page_id=498"},"modified":"2024-11-12T09:23:57","modified_gmt":"2024-11-12T08:23:57","slug":"home","status":"publish","type":"page","link":"https:\/\/www.ejkrueger.de\/en\/","title":{"rendered":"home"},"content":{"rendered":"<p><div class=\"fusion-fullwidth fullwidth-box fusion-builder-row-1 hundred-percent-fullwidth non-hundred-percent-height-scrolling\" style=\"--awb-border-radius-top-left:0px;--awb-border-radius-top-right:0px;--awb-border-radius-bottom-right:0px;--awb-border-radius-bottom-left:0px;--awb-padding-right:0px;--awb-padding-bottom:0px;--awb-padding-left:0px;--awb-margin-bottom:0px;--awb-flex-wrap:wrap;\" ><div class=\"fusion-builder-row fusion-row\"><div class=\"fusion-layout-column fusion_builder_column fusion-builder-column-0 fusion_builder_column_1_1 1_1 fusion-one-full fusion-column-first fusion-column-last\" style=\"--awb-padding-bottom:0px;--awb-bg-size:cover;--awb-margin-top:00px;--awb-margin-bottom:0px;\"><div class=\"fusion-column-wrapper fusion-column-has-shadow fusion-flex-column-wrapper-legacy\"><div class=\"fusion-image-carousel fusion-image-carousel-auto fusion-image-carousel-1 fusion-carousel-border\"><div class=\"awb-carousel awb-swiper awb-swiper-carousel awb-swiper-dots-position-bottom awb-carousel--carousel\" data-layout=\"carousel\" data-autoplay=\"yes\" data-autoplayspeed=\"2500\" data-autoplaypause=\"no\" data-columns=\"3\" data-itemmargin=\"0\" data-itemwidth=\"180\" data-touchscroll=\"no\" data-freemode=\"no\" data-imagesize=\"auto\" data-scrollitems=\"1\" data-centeredslides=\"no\" data-rotationangle=\"50\" data-depth=\"100\" data-speed=\"500\" data-shadow=\"no\" style=\"--awb-columns:3;--awb-column-spacing:0px;\"><div class=\"swiper-wrapper awb-image-carousel-wrapper fusion-flex-align-items-center\"><div class=\"swiper-slide\"><div class=\"fusion-carousel-item-wrapper\"><div class=\"fusion-image-wrapper hover-type-none\"><img decoding=\"async\" width=\"480\" height=\"350\" src=\"https:\/\/www.ejkrueger.de\/wp-content\/uploads\/2020\/03\/Hosenrohr_480.jpg\" class=\"attachment-full size-full\" alt=\"\" srcset=\"https:\/\/www.ejkrueger.de\/wp-content\/uploads\/2020\/03\/Hosenrohr_480-200x146.jpg 200w, https:\/\/www.ejkrueger.de\/wp-content\/uploads\/2020\/03\/Hosenrohr_480-400x292.jpg 400w, https:\/\/www.ejkrueger.de\/wp-content\/uploads\/2020\/03\/Hosenrohr_480.jpg 480w\" sizes=\"(min-width: 2200px) 100vw, (min-width: 784px) 400px, (min-width: 712px) 600px, (min-width: 640px) 712px, \" \/><\/div><\/div><\/div><div class=\"swiper-slide\"><div class=\"fusion-carousel-item-wrapper\"><div class=\"fusion-image-wrapper hover-type-none\"><img decoding=\"async\" width=\"480\" height=\"350\" src=\"https:\/\/www.ejkrueger.de\/wp-content\/uploads\/2020\/03\/Exreuder-iso_480.jpg\" class=\"attachment-full size-full\" alt=\"\" srcset=\"https:\/\/www.ejkrueger.de\/wp-content\/uploads\/2020\/03\/Exreuder-iso_480-200x146.jpg 200w, https:\/\/www.ejkrueger.de\/wp-content\/uploads\/2020\/03\/Exreuder-iso_480-400x292.jpg 400w, https:\/\/www.ejkrueger.de\/wp-content\/uploads\/2020\/03\/Exreuder-iso_480.jpg 480w\" sizes=\"(min-width: 2200px) 100vw, (min-width: 784px) 400px, (min-width: 712px) 600px, (min-width: 640px) 712px, \" \/><\/div><\/div><\/div><div class=\"swiper-slide\"><div class=\"fusion-carousel-item-wrapper\"><div class=\"fusion-image-wrapper hover-type-none\"><img decoding=\"async\" width=\"480\" height=\"350\" src=\"https:\/\/www.ejkrueger.de\/wp-content\/uploads\/2020\/03\/Explosion2_480.jpg\" class=\"attachment-full size-full\" alt=\"\" srcset=\"https:\/\/www.ejkrueger.de\/wp-content\/uploads\/2020\/03\/Explosion2_480-200x146.jpg 200w, https:\/\/www.ejkrueger.de\/wp-content\/uploads\/2020\/03\/Explosion2_480-400x292.jpg 400w, https:\/\/www.ejkrueger.de\/wp-content\/uploads\/2020\/03\/Explosion2_480.jpg 480w\" sizes=\"(min-width: 2200px) 100vw, (min-width: 784px) 400px, (min-width: 712px) 600px, (min-width: 640px) 712px, \" \/><\/div><\/div><\/div><div class=\"swiper-slide\"><div class=\"fusion-carousel-item-wrapper\"><div class=\"fusion-image-wrapper hover-type-none\"><img decoding=\"async\" width=\"480\" height=\"350\" src=\"https:\/\/www.ejkrueger.de\/wp-content\/uploads\/2020\/03\/D\u00fcsen_480.jpg\" class=\"attachment-full size-full\" alt=\"\" srcset=\"https:\/\/www.ejkrueger.de\/wp-content\/uploads\/2020\/03\/D\u00fcsen_480-200x146.jpg 200w, https:\/\/www.ejkrueger.de\/wp-content\/uploads\/2020\/03\/D\u00fcsen_480-400x292.jpg 400w, https:\/\/www.ejkrueger.de\/wp-content\/uploads\/2020\/03\/D\u00fcsen_480.jpg 480w\" sizes=\"(min-width: 2200px) 100vw, (min-width: 784px) 400px, (min-width: 712px) 600px, (min-width: 640px) 712px, \" \/><\/div><\/div><\/div><div class=\"swiper-slide\"><div class=\"fusion-carousel-item-wrapper\"><div class=\"fusion-image-wrapper hover-type-none\"><img decoding=\"async\" width=\"480\" height=\"350\" src=\"https:\/\/www.ejkrueger.de\/wp-content\/uploads\/2020\/03\/D\u00fcse-3_480.jpg\" class=\"attachment-full size-full\" alt=\"\" srcset=\"https:\/\/www.ejkrueger.de\/wp-content\/uploads\/2020\/03\/D\u00fcse-3_480-200x146.jpg 200w, https:\/\/www.ejkrueger.de\/wp-content\/uploads\/2020\/03\/D\u00fcse-3_480-400x292.jpg 400w, https:\/\/www.ejkrueger.de\/wp-content\/uploads\/2020\/03\/D\u00fcse-3_480.jpg 480w\" sizes=\"(min-width: 2200px) 100vw, (min-width: 784px) 400px, (min-width: 712px) 600px, (min-width: 640px) 712px, \" \/><\/div><\/div><\/div><div class=\"swiper-slide\"><div class=\"fusion-carousel-item-wrapper\"><div class=\"fusion-image-wrapper hover-type-none\"><img decoding=\"async\" width=\"480\" height=\"350\" src=\"https:\/\/www.ejkrueger.de\/wp-content\/uploads\/2020\/03\/CE-7-Schnecken-2_480.jpg\" class=\"attachment-full size-full\" alt=\"\" srcset=\"https:\/\/www.ejkrueger.de\/wp-content\/uploads\/2020\/03\/CE-7-Schnecken-2_480-200x146.jpg 200w, https:\/\/www.ejkrueger.de\/wp-content\/uploads\/2020\/03\/CE-7-Schnecken-2_480-400x292.jpg 400w, https:\/\/www.ejkrueger.de\/wp-content\/uploads\/2020\/03\/CE-7-Schnecken-2_480.jpg 480w\" sizes=\"(min-width: 2200px) 100vw, (min-width: 784px) 400px, (min-width: 712px) 600px, (min-width: 640px) 712px, \" \/><\/div><\/div><\/div><div class=\"swiper-slide\"><div class=\"fusion-carousel-item-wrapper\"><div class=\"fusion-image-wrapper hover-type-none\"><img decoding=\"async\" width=\"480\" height=\"350\" src=\"https:\/\/www.ejkrueger.de\/wp-content\/uploads\/2020\/03\/Zylinder-CMT2_480.jpg\" class=\"attachment-full size-full\" alt=\"\" srcset=\"https:\/\/www.ejkrueger.de\/wp-content\/uploads\/2020\/03\/Zylinder-CMT2_480-200x146.jpg 200w, https:\/\/www.ejkrueger.de\/wp-content\/uploads\/2020\/03\/Zylinder-CMT2_480-400x292.jpg 400w, https:\/\/www.ejkrueger.de\/wp-content\/uploads\/2020\/03\/Zylinder-CMT2_480.jpg 480w\" sizes=\"(min-width: 2200px) 100vw, (min-width: 784px) 400px, (min-width: 712px) 600px, (min-width: 640px) 712px, \" \/><\/div><\/div><\/div><div class=\"swiper-slide\"><div class=\"fusion-carousel-item-wrapper\"><div class=\"fusion-image-wrapper hover-type-none\"><img decoding=\"async\" width=\"480\" height=\"350\" src=\"https:\/\/www.ejkrueger.de\/wp-content\/uploads\/2020\/03\/Rohrkopf-Schnitt_480.jpg\" class=\"attachment-full size-full\" alt=\"\" srcset=\"https:\/\/www.ejkrueger.de\/wp-content\/uploads\/2020\/03\/Rohrkopf-Schnitt_480-200x146.jpg 200w, https:\/\/www.ejkrueger.de\/wp-content\/uploads\/2020\/03\/Rohrkopf-Schnitt_480-400x292.jpg 400w, https:\/\/www.ejkrueger.de\/wp-content\/uploads\/2020\/03\/Rohrkopf-Schnitt_480.jpg 480w\" sizes=\"(min-width: 2200px) 100vw, (min-width: 784px) 400px, (min-width: 712px) 600px, (min-width: 640px) 712px, \" \/><\/div><\/div><\/div><\/div><div class=\"awb-swiper-button awb-swiper-button-prev\"><i class=\"awb-icon-angle-left\" aria-hidden=\"true\"><\/i><\/div><div class=\"awb-swiper-button awb-swiper-button-next\"><i class=\"awb-icon-angle-right\" aria-hidden=\"true\"><\/i><\/div><\/div><\/div><div class=\"fusion-clearfix\"><\/div><\/div><\/div><\/div><\/div><div class=\"fusion-fullwidth fullwidth-box fusion-builder-row-2 hundred-percent-fullwidth non-hundred-percent-height-scrolling\" style=\"--awb-border-radius-top-left:0px;--awb-border-radius-top-right:0px;--awb-border-radius-bottom-right:0px;--awb-border-radius-bottom-left:0px;--awb-padding-top:0px;--awb-padding-bottom:0px;--awb-margin-top:0px;--awb-margin-bottom:0px;--awb-background-color:#f6ae01;--awb-flex-wrap:wrap;\" ><div class=\"fusion-builder-row fusion-row\"><div class=\"fusion-layout-column fusion_builder_column fusion-builder-column-1 fusion_builder_column_1_1 1_1 fusion-one-full fusion-column-first fusion-column-last\" style=\"--awb-bg-size:cover;\"><div class=\"fusion-column-wrapper fusion-column-has-shadow fusion-flex-column-wrapper-legacy\"><div class=\"fusion-column-content-centered\"><div class=\"fusion-column-content\"><div class=\"fusion-text fusion-text-1\"><h1 style=\"text-align: center;\"><span style=\"color: #ffffff;\">EJKrueger \u2013 your innovative partner in extrusion<\/span><\/h1>\n<\/div><\/div><\/div><div class=\"fusion-clearfix\"><\/div><\/div><\/div><\/div><\/div><div class=\"fusion-fullwidth fullwidth-box fusion-builder-row-3 nonhundred-percent-fullwidth non-hundred-percent-height-scrolling\" style=\"--awb-border-radius-top-left:0px;--awb-border-radius-top-right:0px;--awb-border-radius-bottom-right:0px;--awb-border-radius-bottom-left:0px;--awb-padding-top:20px;--awb-padding-bottom:20px;--awb-flex-wrap:wrap;\" ><div class=\"fusion-builder-row fusion-row\"><div class=\"fusion-layout-column fusion_builder_column fusion-builder-column-2 fusion_builder_column_2_3 2_3 fusion-two-third fusion-column-first\" style=\"--awb-bg-size:cover;width:66.666666666667%;width:calc(66.666666666667% - ( ( 4% ) * 0.66666666666667 ) );margin-right: 4%;\"><div class=\"fusion-column-wrapper fusion-flex-column-wrapper-legacy\"><div class=\"fusion-text fusion-text-2\"><h1>Welcome to EJK<\/h1>\n<p>EJKr\u00fcger GmbH has been active in the field of manufacturing process units for the plastics industry for more than two decades. During this time, a very large number of process units for the area of PVC processing as well as the processing of polyolefins or special plastics have been manufactured and delivered to OEMs on various continents. EJK manufactures in particular according to drawings, although we are also happy to incorporate modifications based on our experience into customer drawings. This concerns in particular the use of different materials and different types of wear equipment. It should only be mentioned here that counter-rotating screws should have a completely different wear behaviour in comparison to co-rotating screws or single screws and accordingly a different wear protection.<\/p>\n<p>The OEM structure from Asia, Middle East, Europe and America requires a wide variety of process units. EJK has been serving this OEM structure for a very long time and has established a very long-term and trustful cooperation.<\/p>\n<p>In addition to normal process units for extrusion and injection moulding, EJK also manufactures process engineering components for various areas of plastics processing. This is especially the case in the chemical industry and the area of large process elements. EJK can also process processing elements with individual weights of up to 15 tons.<\/p>\n<\/div><div class=\"fusion-image-element fusion-image-align-center in-legacy-container\" style=\"text-align:center;--awb-caption-title-font-family:var(--h2_typography-font-family);--awb-caption-title-font-weight:var(--h2_typography-font-weight);--awb-caption-title-font-style:var(--h2_typography-font-style);--awb-caption-title-size:var(--h2_typography-font-size);--awb-caption-title-transform:var(--h2_typography-text-transform);--awb-caption-title-line-height:var(--h2_typography-line-height);--awb-caption-title-letter-spacing:var(--h2_typography-letter-spacing);\"><div class=\"imageframe-align-center\"><span class=\" fusion-imageframe imageframe-none imageframe-1 hover-type-zoomin\"><img decoding=\"async\" width=\"1024\" height=\"651\" alt=\"Doppelschnecken\" title=\"CE 7 Schnecken 2\" src=\"https:\/\/www.ejkrueger.de\/wp-content\/uploads\/2020\/05\/CE-7-Schnecken-2-1024x651.jpg\" class=\"img-responsive wp-image-3789\" srcset=\"https:\/\/www.ejkrueger.de\/wp-content\/uploads\/2020\/05\/CE-7-Schnecken-2-200x127.jpg 200w, https:\/\/www.ejkrueger.de\/wp-content\/uploads\/2020\/05\/CE-7-Schnecken-2-400x254.jpg 400w, https:\/\/www.ejkrueger.de\/wp-content\/uploads\/2020\/05\/CE-7-Schnecken-2-600x381.jpg 600w, https:\/\/www.ejkrueger.de\/wp-content\/uploads\/2020\/05\/CE-7-Schnecken-2-800x508.jpg 800w, https:\/\/www.ejkrueger.de\/wp-content\/uploads\/2020\/05\/CE-7-Schnecken-2.jpg 1160w\" sizes=\"(max-width: 800px) 100vw, 1024px\" \/><\/span><\/div><\/div><div class=\"fusion-clearfix\"><\/div><\/div><\/div><div class=\"fusion-layout-column fusion_builder_column fusion-builder-column-3 fusion_builder_column_1_3 1_3 fusion-one-third fusion-column-last\" style=\"--awb-padding-top:60px;--awb-bg-size:cover;width:33.333333333333%;width:calc(33.333333333333% - ( ( 4% ) * 0.33333333333333 ) );\"><div class=\"fusion-column-wrapper fusion-flex-column-wrapper-legacy\"><div class=\"fusion-image-element fusion-image-align-center in-legacy-container\" style=\"text-align:center;--awb-caption-title-font-family:var(--h2_typography-font-family);--awb-caption-title-font-weight:var(--h2_typography-font-weight);--awb-caption-title-font-style:var(--h2_typography-font-style);--awb-caption-title-size:var(--h2_typography-font-size);--awb-caption-title-transform:var(--h2_typography-text-transform);--awb-caption-title-line-height:var(--h2_typography-line-height);--awb-caption-title-letter-spacing:var(--h2_typography-letter-spacing);\"><div class=\"imageframe-align-center\"><span class=\" fusion-imageframe imageframe-none imageframe-2 hover-type-none\"><img decoding=\"async\" width=\"300\" height=\"272\" alt=\"Extrusion\" title=\"D\u00fcsen\" src=\"https:\/\/www.ejkrueger.de\/wp-content\/uploads\/2020\/05\/D\u00fcsen-300x272.png\" class=\"img-responsive wp-image-3760\" srcset=\"https:\/\/www.ejkrueger.de\/wp-content\/uploads\/2020\/05\/D\u00fcsen-200x181.png 200w, https:\/\/www.ejkrueger.de\/wp-content\/uploads\/2020\/05\/D\u00fcsen-400x362.png 400w, https:\/\/www.ejkrueger.de\/wp-content\/uploads\/2020\/05\/D\u00fcsen-600x543.png 600w, https:\/\/www.ejkrueger.de\/wp-content\/uploads\/2020\/05\/D\u00fcsen-800x724.png 800w, https:\/\/www.ejkrueger.de\/wp-content\/uploads\/2020\/05\/D\u00fcsen.png 878w\" sizes=\"(max-width: 800px) 100vw, 300px\" \/><\/span><\/div><\/div><div class=\"fusion-reading-box-container reading-box-container-1\" style=\"--awb-title-color:#333333;--awb-margin-top:20px;--awb-margin-bottom:0px;\"><div class=\"reading-box\" style=\"background-color:#f6f6f6;border-width:3px;border-color:#f6f6f6;border-left-width:3px;border-left-color:var(--primary_color);border-style:solid;\"><div class=\"reading-box-additional\">\n<p style=\"text-align: justify;\">Sie k\u00f6nnen uns gerne direkt <a href=\"https:\/\/www.ejkrueger.de\/de\/kontakt\/\">kontaktieren<\/a>, jeden Tag von 8:00h bis 18:00h CET sind wir f\u00fcr Sie erreichbar unter <a href=\"tel: +4949439999126\">+49 4943-9999126<\/a>\u00a0oder unter <a href=\"mailto:info@germantwinscrews.de\">info@ejkrueger.de<\/a>.<\/p>\n<\/div><div class=\"fusion-clearfix\"><\/div><\/div><\/div><div class=\"fusion-reading-box-container reading-box-container-2\" style=\"--awb-title-color:#333333;--awb-margin-top:10px;--awb-margin-bottom:84px;\"><div class=\"reading-box\" style=\"background-color:#f6f6f6;border-width:3px;border-color:#f6f6f6;border-left-width:3px;border-left-color:var(--primary_color);border-style:solid;\"><h2>Contact Informationen<\/h2><div class=\"reading-box-additional fusion-reading-box-additional\">\n<p>EJKrueger GmbH<br \/>\nSegelmacherstrasse 4<br \/>\n26605 Aurich\/ Germany<\/p>\n<p>Phone: <a href=\"tel:+4949439999127\">+49 4943 9999 126<\/a><br \/>\nMobile: <a href=\"tel:+49171999777\">+49 171 999 777<\/a>7<br \/>\nFax: +49 4943 9999 124<br \/>\nEmail:\u00a0<a href=\"mailto:info@ejkrueger.de\">info@ejkrueger.de<\/a><\/p>\n<\/div><div class=\"fusion-clearfix\"><\/div><\/div><\/div><div class=\"fusion-clearfix\"><\/div><\/div><\/div><\/div><\/div><\/p>\n","protected":false},"excerpt":{"rendered":"","protected":false},"author":1,"featured_media":0,"parent":0,"menu_order":0,"comment_status":"closed","ping_status":"closed","template":"100-width.php","meta":{"footnotes":""},"class_list":["post-498","page","type-page","status-publish","hentry"],"yoast_head":"<!-- This site is optimized with the Yoast SEO plugin v27.4 - https:\/\/yoast.com\/product\/yoast-seo-wordpress\/ -->\n<title>home - GTS Doppelschnecken f\u00fcr europ\u00e4ische Extruder - direktes Angebot<\/title>\n<meta name=\"description\" content=\"Doppelschneckenextruder f\u00fcr Rohr, Profil, Platte und Granulat - GermanTwinscrewS liefert mit GTS-Design einbaukompatibel Verfahrenseinheiten f\u00fcr alle europ\u00e4ischen Extruder\" \/>\n<meta name=\"robots\" content=\"index, follow, max-snippet:-1, max-image-preview:large, max-video-preview:-1\" \/>\n<link rel=\"canonical\" href=\"https:\/\/www.ejkrueger.de\/en\/\" \/>\n<meta property=\"og:locale\" content=\"en_US\" \/>\n<meta property=\"og:type\" content=\"article\" \/>\n<meta property=\"og:title\" content=\"home - GTS Doppelschnecken f\u00fcr europ\u00e4ische Extruder - direktes Angebot\" \/>\n<meta property=\"og:description\" content=\"Doppelschneckenextruder f\u00fcr Rohr, Profil, Platte und Granulat - GermanTwinscrewS liefert mit GTS-Design einbaukompatibel Verfahrenseinheiten f\u00fcr alle europ\u00e4ischen Extruder\" \/>\n<meta property=\"og:url\" content=\"https:\/\/www.ejkrueger.de\/en\/\" \/>\n<meta property=\"og:site_name\" content=\"GTS Doppelschnecken f\u00fcr europ\u00e4ische Extruder - direktes Angebot\" \/>\n<meta property=\"article:modified_time\" content=\"2024-11-12T08:23:57+00:00\" \/>\n<meta name=\"twitter:card\" content=\"summary_large_image\" \/>\n<meta name=\"twitter:label1\" content=\"Est. reading time\" \/>\n\t<meta name=\"twitter:data1\" content=\"4 minutes\" \/>\n<script type=\"application\/ld+json\" class=\"yoast-schema-graph\">{\"@context\":\"https:\\\/\\\/schema.org\",\"@graph\":[{\"@type\":\"WebPage\",\"@id\":\"https:\\\/\\\/www.ejkrueger.de\\\/en\\\/\",\"url\":\"https:\\\/\\\/www.ejkrueger.de\\\/en\\\/\",\"name\":\"home - GTS Doppelschnecken f\u00fcr europ\u00e4ische Extruder - direktes Angebot\",\"isPartOf\":{\"@id\":\"https:\\\/\\\/www.ejkrueger.de\\\/#website\"},\"datePublished\":\"2017-03-20T09:41:35+00:00\",\"dateModified\":\"2024-11-12T08:23:57+00:00\",\"description\":\"Doppelschneckenextruder f\u00fcr Rohr, Profil, Platte und Granulat - GermanTwinscrewS liefert mit GTS-Design einbaukompatibel Verfahrenseinheiten f\u00fcr alle europ\u00e4ischen Extruder\",\"breadcrumb\":{\"@id\":\"https:\\\/\\\/www.ejkrueger.de\\\/en\\\/#breadcrumb\"},\"inLanguage\":\"en-US\",\"potentialAction\":[{\"@type\":\"ReadAction\",\"target\":[\"https:\\\/\\\/www.ejkrueger.de\\\/en\\\/\"]}]},{\"@type\":\"BreadcrumbList\",\"@id\":\"https:\\\/\\\/www.ejkrueger.de\\\/en\\\/#breadcrumb\",\"itemListElement\":[{\"@type\":\"ListItem\",\"position\":1,\"name\":\"Startseite\",\"item\":\"https:\\\/\\\/www.ejkrueger.de\\\/en\\\/\"},{\"@type\":\"ListItem\",\"position\":2,\"name\":\"home\"}]},{\"@type\":\"WebSite\",\"@id\":\"https:\\\/\\\/www.ejkrueger.de\\\/#website\",\"url\":\"https:\\\/\\\/www.ejkrueger.de\\\/\",\"name\":\"GTS Doppelschnecken f\u00fcr europ\u00e4ische Extruder - direktes Angebot\",\"description\":\"\",\"potentialAction\":[{\"@type\":\"SearchAction\",\"target\":{\"@type\":\"EntryPoint\",\"urlTemplate\":\"https:\\\/\\\/www.ejkrueger.de\\\/?s={search_term_string}\"},\"query-input\":{\"@type\":\"PropertyValueSpecification\",\"valueRequired\":true,\"valueName\":\"search_term_string\"}}],\"inLanguage\":\"en-US\"}]}<\/script>\n<!-- \/ Yoast SEO plugin. -->","yoast_head_json":{"title":"home - GTS Doppelschnecken f\u00fcr europ\u00e4ische Extruder - direktes Angebot","description":"Doppelschneckenextruder f\u00fcr Rohr, Profil, Platte und Granulat - GermanTwinscrewS liefert mit GTS-Design einbaukompatibel Verfahrenseinheiten f\u00fcr alle europ\u00e4ischen Extruder","robots":{"index":"index","follow":"follow","max-snippet":"max-snippet:-1","max-image-preview":"max-image-preview:large","max-video-preview":"max-video-preview:-1"},"canonical":"https:\/\/www.ejkrueger.de\/en\/","og_locale":"en_US","og_type":"article","og_title":"home - GTS Doppelschnecken f\u00fcr europ\u00e4ische Extruder - direktes Angebot","og_description":"Doppelschneckenextruder f\u00fcr Rohr, Profil, Platte und Granulat - GermanTwinscrewS liefert mit GTS-Design einbaukompatibel Verfahrenseinheiten f\u00fcr alle europ\u00e4ischen Extruder","og_url":"https:\/\/www.ejkrueger.de\/en\/","og_site_name":"GTS Doppelschnecken f\u00fcr europ\u00e4ische Extruder - direktes Angebot","article_modified_time":"2024-11-12T08:23:57+00:00","twitter_card":"summary_large_image","twitter_misc":{"Est. reading time":"4 minutes"},"schema":{"@context":"https:\/\/schema.org","@graph":[{"@type":"WebPage","@id":"https:\/\/www.ejkrueger.de\/en\/","url":"https:\/\/www.ejkrueger.de\/en\/","name":"home - GTS Doppelschnecken f\u00fcr europ\u00e4ische Extruder - direktes Angebot","isPartOf":{"@id":"https:\/\/www.ejkrueger.de\/#website"},"datePublished":"2017-03-20T09:41:35+00:00","dateModified":"2024-11-12T08:23:57+00:00","description":"Doppelschneckenextruder f\u00fcr Rohr, Profil, Platte und Granulat - GermanTwinscrewS liefert mit GTS-Design einbaukompatibel Verfahrenseinheiten f\u00fcr alle europ\u00e4ischen Extruder","breadcrumb":{"@id":"https:\/\/www.ejkrueger.de\/en\/#breadcrumb"},"inLanguage":"en-US","potentialAction":[{"@type":"ReadAction","target":["https:\/\/www.ejkrueger.de\/en\/"]}]},{"@type":"BreadcrumbList","@id":"https:\/\/www.ejkrueger.de\/en\/#breadcrumb","itemListElement":[{"@type":"ListItem","position":1,"name":"Startseite","item":"https:\/\/www.ejkrueger.de\/en\/"},{"@type":"ListItem","position":2,"name":"home"}]},{"@type":"WebSite","@id":"https:\/\/www.ejkrueger.de\/#website","url":"https:\/\/www.ejkrueger.de\/","name":"GTS Doppelschnecken f\u00fcr europ\u00e4ische Extruder - direktes Angebot","description":"","potentialAction":[{"@type":"SearchAction","target":{"@type":"EntryPoint","urlTemplate":"https:\/\/www.ejkrueger.de\/?s={search_term_string}"},"query-input":{"@type":"PropertyValueSpecification","valueRequired":true,"valueName":"search_term_string"}}],"inLanguage":"en-US"}]}},"_links":{"self":[{"href":"https:\/\/www.ejkrueger.de\/en\/wp-json\/wp\/v2\/pages\/498","targetHints":{"allow":["GET"]}}],"collection":[{"href":"https:\/\/www.ejkrueger.de\/en\/wp-json\/wp\/v2\/pages"}],"about":[{"href":"https:\/\/www.ejkrueger.de\/en\/wp-json\/wp\/v2\/types\/page"}],"author":[{"embeddable":true,"href":"https:\/\/www.ejkrueger.de\/en\/wp-json\/wp\/v2\/users\/1"}],"replies":[{"embeddable":true,"href":"https:\/\/www.ejkrueger.de\/en\/wp-json\/wp\/v2\/comments?post=498"}],"version-history":[{"count":72,"href":"https:\/\/www.ejkrueger.de\/en\/wp-json\/wp\/v2\/pages\/498\/revisions"}],"predecessor-version":[{"id":3999,"href":"https:\/\/www.ejkrueger.de\/en\/wp-json\/wp\/v2\/pages\/498\/revisions\/3999"}],"wp:attachment":[{"href":"https:\/\/www.ejkrueger.de\/en\/wp-json\/wp\/v2\/media?parent=498"}],"curies":[{"name":"wp","href":"https:\/\/api.w.org\/{rel}","templated":true}]}}