{"id":805,"date":"2017-04-18T13:12:54","date_gmt":"2017-04-18T11:12:54","guid":{"rendered":"http:\/\/info.germantwinscrews.de\/?page_id=805"},"modified":"2020-07-30T15:01:51","modified_gmt":"2020-07-30T13:01:51","slug":"about-us","status":"publish","type":"page","link":"https:\/\/www.ejkrueger.de\/en\/about-us\/","title":{"rendered":"About us"},"content":{"rendered":"<div class=\"fusion-fullwidth fullwidth-box fusion-builder-row-1 nonhundred-percent-fullwidth non-hundred-percent-height-scrolling\" style=\"--awb-border-radius-top-left:0px;--awb-border-radius-top-right:0px;--awb-border-radius-bottom-right:0px;--awb-border-radius-bottom-left:0px;--awb-padding-top:20px;--awb-padding-bottom:20px;--awb-flex-wrap:wrap;\" ><div class=\"fusion-builder-row fusion-row\"><div class=\"fusion-layout-column fusion_builder_column fusion-builder-column-0 fusion_builder_column_3_4 3_4 fusion-three-fourth fusion-column-first\" style=\"--awb-bg-size:cover;width:75%;width:calc(75% - ( ( 4% ) * 0.75 ) );margin-right: 4%;\"><div class=\"fusion-column-wrapper fusion-column-has-shadow fusion-flex-column-wrapper-legacy\"><div class=\"fusion-text fusion-text-1\"><h1>About us<\/h1>\n<p>EJKr\u00fcger GmbH has been active in the field of manufacturing process units for the plastics industry for more than two decades. During this time, a very large number of process units for the area of PVC processing as well as the processing of polyolefins or special plastics have been manufactured and delivered to OEMs on various continents. EJK manufactures in particular according to drawings, although we are also happy to incorporate modifications based on experience into customer drawings. This concerns in particular the use of different materials and different types of wear equipment. It should only be mentioned here that counter-rotating screws should have a completely different wear behaviour in comparison to co-rotating screws or single screws and accordingly a different wear protection.<\/p>\n<p>The OEM structure from Asia, Middle East, Europe and America requires a wide variety of process units. EJK has been serving this OEM structure for a very long time and has established a very long-term and trustful cooperation.<\/p>\n<p>In addition to normal process units for extrusion and injection moulding, EJK also manufactures process engineering components for various areas of plastics processing. This is especially the case in the chemical industry and the area of large process elements. EJK can also process processing elements with individual weights of up to 15 tons<\/p>\n<\/div><div class=\"fusion-clearfix\"><\/div><\/div><\/div><div class=\"fusion-layout-column fusion_builder_column fusion-builder-column-1 fusion_builder_column_1_4 1_4 fusion-one-fourth fusion-column-last\" style=\"--awb-bg-size:cover;width:25%;width:calc(25% - ( ( 4% ) * 0.25 ) );\"><div class=\"fusion-column-wrapper fusion-column-has-shadow fusion-flex-column-wrapper-legacy\"><div class=\"fusion-builder-row fusion-builder-row-inner fusion-row\"><div class=\"fusion-layout-column fusion_builder_column_inner fusion-builder-nested-column-0 fusion_builder_column_inner_1_1 1_1 fusion-one-full fusion-column-first fusion-column-last\" style=\"--awb-bg-size:cover;\"><div class=\"fusion-column-wrapper fusion-column-has-shadow fusion-flex-column-wrapper-legacy\"><div class=\"fusion-clearfix\"><\/div><\/div><\/div><\/div><div class=\"fusion-builder-row fusion-builder-row-inner fusion-row\"><div class=\"fusion-layout-column fusion_builder_column_inner fusion-builder-nested-column-1 fusion_builder_column_inner_1_1 1_1 fusion-one-full fusion-column-first fusion-column-last\" style=\"--awb-bg-size:cover;\"><div class=\"fusion-column-wrapper fusion-column-has-shadow fusion-flex-column-wrapper-legacy\"><div class=\"fusion-clearfix\"><\/div><\/div><\/div><\/div><div class=\"fusion-builder-row fusion-builder-row-inner fusion-row\"><div class=\"fusion-layout-column fusion_builder_column_inner fusion-builder-nested-column-2 fusion_builder_column_inner_1_1 1_1 fusion-one-full fusion-column-first fusion-column-last\" style=\"--awb-bg-size:cover;\"><div class=\"fusion-column-wrapper fusion-column-has-shadow fusion-flex-column-wrapper-legacy\"><div class=\"fusion-clearfix\"><\/div><\/div><\/div><\/div><div class=\"fusion-builder-row fusion-builder-row-inner fusion-row\"><div class=\"fusion-layout-column fusion_builder_column_inner fusion-builder-nested-column-3 fusion_builder_column_inner_1_1 1_1 fusion-one-full fusion-column-first fusion-column-last\" style=\"--awb-bg-size:cover;\"><div class=\"fusion-column-wrapper fusion-column-has-shadow fusion-flex-column-wrapper-legacy\"><div class=\"fusion-clearfix\"><\/div><\/div><\/div><\/div><div class=\"fusion-builder-row fusion-builder-row-inner fusion-row\"><div class=\"fusion-layout-column fusion_builder_column_inner fusion-builder-nested-column-4 fusion_builder_column_inner_1_1 1_1 fusion-one-full fusion-column-first fusion-column-last\" style=\"--awb-bg-size:cover;\"><div class=\"fusion-column-wrapper fusion-column-has-shadow fusion-flex-column-wrapper-legacy\"><div class=\"fusion-clearfix\"><\/div><\/div><\/div><\/div><div class=\"fusion-builder-row fusion-builder-row-inner fusion-row\"><div class=\"fusion-layout-column fusion_builder_column_inner fusion-builder-nested-column-5 fusion_builder_column_inner_1_1 1_1 fusion-one-full fusion-column-first fusion-column-last\" style=\"--awb-bg-size:cover;\"><div class=\"fusion-column-wrapper fusion-column-has-shadow fusion-flex-column-wrapper-legacy\"><div class=\"fusion-clearfix\"><\/div><\/div><\/div><\/div><div class=\"fusion-image-element fusion-image-align-center in-legacy-container\" style=\"text-align:center;--awb-caption-title-font-family:var(--h2_typography-font-family);--awb-caption-title-font-weight:var(--h2_typography-font-weight);--awb-caption-title-font-style:var(--h2_typography-font-style);--awb-caption-title-size:var(--h2_typography-font-size);--awb-caption-title-transform:var(--h2_typography-text-transform);--awb-caption-title-line-height:var(--h2_typography-line-height);--awb-caption-title-letter-spacing:var(--h2_typography-letter-spacing);\"><div class=\"imageframe-align-center\"><span class=\" fusion-imageframe imageframe-none imageframe-1 hover-type-zoomin\"><img decoding=\"async\" width=\"300\" height=\"225\" title=\"20200608_185330\" src=\"https:\/\/www.ejkrueger.de\/wp-content\/uploads\/2020\/07\/20200608_185330-300x225.jpg\" alt class=\"img-responsive wp-image-3915\" srcset=\"https:\/\/www.ejkrueger.de\/wp-content\/uploads\/2020\/07\/20200608_185330-200x150.jpg 200w, https:\/\/www.ejkrueger.de\/wp-content\/uploads\/2020\/07\/20200608_185330-400x300.jpg 400w, https:\/\/www.ejkrueger.de\/wp-content\/uploads\/2020\/07\/20200608_185330-600x450.jpg 600w, https:\/\/www.ejkrueger.de\/wp-content\/uploads\/2020\/07\/20200608_185330-800x600.jpg 800w, https:\/\/www.ejkrueger.de\/wp-content\/uploads\/2020\/07\/20200608_185330-1200x900.jpg 1200w\" sizes=\"(max-width: 800px) 100vw, 300px\" \/><\/span><\/div><\/div><div class=\"fusion-clearfix\"><\/div><\/div><\/div><\/div><\/div>\n","protected":false},"excerpt":{"rendered":"","protected":false},"author":1,"featured_media":0,"parent":0,"menu_order":0,"comment_status":"closed","ping_status":"closed","template":"","meta":{"footnotes":""},"class_list":["post-805","page","type-page","status-publish","hentry"],"yoast_head":"<!-- This site is optimized with the Yoast SEO plugin v27.4 - https:\/\/yoast.com\/product\/yoast-seo-wordpress\/ -->\n<title>About us - GTS Doppelschnecken f\u00fcr europ\u00e4ische Extruder - direktes Angebot<\/title>\n<meta name=\"description\" content=\"Doppelschneckenextruder f\u00fcr Rohr, Profil, Platte und Granulat - GermanTwinscrewS liefert mit GTS-Design einbaukompatibel Verfahrenseinheiten f\u00fcr alle europ\u00e4ischen Extruder\" \/>\n<meta name=\"robots\" content=\"index, follow, max-snippet:-1, max-image-preview:large, max-video-preview:-1\" \/>\n<link rel=\"canonical\" href=\"https:\/\/www.ejkrueger.de\/en\/about-us\/\" \/>\n<meta property=\"og:locale\" content=\"en_US\" \/>\n<meta property=\"og:type\" content=\"article\" \/>\n<meta property=\"og:title\" content=\"About us - GTS Doppelschnecken f\u00fcr europ\u00e4ische Extruder - direktes Angebot\" \/>\n<meta property=\"og:description\" content=\"Doppelschneckenextruder f\u00fcr Rohr, Profil, Platte und Granulat - GermanTwinscrewS liefert mit GTS-Design einbaukompatibel Verfahrenseinheiten f\u00fcr alle europ\u00e4ischen Extruder\" \/>\n<meta property=\"og:url\" content=\"https:\/\/www.ejkrueger.de\/en\/about-us\/\" \/>\n<meta property=\"og:site_name\" content=\"GTS Doppelschnecken f\u00fcr europ\u00e4ische Extruder - direktes Angebot\" \/>\n<meta property=\"article:modified_time\" content=\"2020-07-30T13:01:51+00:00\" \/>\n<meta name=\"twitter:card\" content=\"summary_large_image\" \/>\n<meta name=\"twitter:label1\" content=\"Est. reading time\" \/>\n\t<meta name=\"twitter:data1\" content=\"10 minutes\" \/>\n<script type=\"application\/ld+json\" class=\"yoast-schema-graph\">{\"@context\":\"https:\\\/\\\/schema.org\",\"@graph\":[{\"@type\":\"WebPage\",\"@id\":\"https:\\\/\\\/www.ejkrueger.de\\\/en\\\/about-us\\\/\",\"url\":\"https:\\\/\\\/www.ejkrueger.de\\\/en\\\/about-us\\\/\",\"name\":\"About us - GTS Doppelschnecken f\u00fcr europ\u00e4ische Extruder - direktes Angebot\",\"isPartOf\":{\"@id\":\"https:\\\/\\\/www.ejkrueger.de\\\/#website\"},\"datePublished\":\"2017-04-18T11:12:54+00:00\",\"dateModified\":\"2020-07-30T13:01:51+00:00\",\"description\":\"Doppelschneckenextruder f\u00fcr Rohr, Profil, Platte und Granulat - GermanTwinscrewS liefert mit GTS-Design einbaukompatibel Verfahrenseinheiten f\u00fcr alle europ\u00e4ischen Extruder\",\"breadcrumb\":{\"@id\":\"https:\\\/\\\/www.ejkrueger.de\\\/en\\\/about-us\\\/#breadcrumb\"},\"inLanguage\":\"en-US\",\"potentialAction\":[{\"@type\":\"ReadAction\",\"target\":[\"https:\\\/\\\/www.ejkrueger.de\\\/en\\\/about-us\\\/\"]}]},{\"@type\":\"BreadcrumbList\",\"@id\":\"https:\\\/\\\/www.ejkrueger.de\\\/en\\\/about-us\\\/#breadcrumb\",\"itemListElement\":[{\"@type\":\"ListItem\",\"position\":1,\"name\":\"Startseite\",\"item\":\"https:\\\/\\\/www.ejkrueger.de\\\/en\\\/\"},{\"@type\":\"ListItem\",\"position\":2,\"name\":\"About us\"}]},{\"@type\":\"WebSite\",\"@id\":\"https:\\\/\\\/www.ejkrueger.de\\\/#website\",\"url\":\"https:\\\/\\\/www.ejkrueger.de\\\/\",\"name\":\"GTS Doppelschnecken f\u00fcr europ\u00e4ische Extruder - direktes Angebot\",\"description\":\"\",\"potentialAction\":[{\"@type\":\"SearchAction\",\"target\":{\"@type\":\"EntryPoint\",\"urlTemplate\":\"https:\\\/\\\/www.ejkrueger.de\\\/?s={search_term_string}\"},\"query-input\":{\"@type\":\"PropertyValueSpecification\",\"valueRequired\":true,\"valueName\":\"search_term_string\"}}],\"inLanguage\":\"en-US\"}]}<\/script>\n<!-- \/ Yoast SEO plugin. -->","yoast_head_json":{"title":"About us - GTS Doppelschnecken f\u00fcr europ\u00e4ische Extruder - direktes Angebot","description":"Doppelschneckenextruder f\u00fcr Rohr, Profil, Platte und Granulat - GermanTwinscrewS liefert mit GTS-Design einbaukompatibel Verfahrenseinheiten f\u00fcr alle europ\u00e4ischen Extruder","robots":{"index":"index","follow":"follow","max-snippet":"max-snippet:-1","max-image-preview":"max-image-preview:large","max-video-preview":"max-video-preview:-1"},"canonical":"https:\/\/www.ejkrueger.de\/en\/about-us\/","og_locale":"en_US","og_type":"article","og_title":"About us - GTS Doppelschnecken f\u00fcr europ\u00e4ische Extruder - direktes Angebot","og_description":"Doppelschneckenextruder f\u00fcr Rohr, Profil, Platte und Granulat - GermanTwinscrewS liefert mit GTS-Design einbaukompatibel Verfahrenseinheiten f\u00fcr alle europ\u00e4ischen Extruder","og_url":"https:\/\/www.ejkrueger.de\/en\/about-us\/","og_site_name":"GTS Doppelschnecken f\u00fcr europ\u00e4ische Extruder - direktes Angebot","article_modified_time":"2020-07-30T13:01:51+00:00","twitter_card":"summary_large_image","twitter_misc":{"Est. reading time":"10 minutes"},"schema":{"@context":"https:\/\/schema.org","@graph":[{"@type":"WebPage","@id":"https:\/\/www.ejkrueger.de\/en\/about-us\/","url":"https:\/\/www.ejkrueger.de\/en\/about-us\/","name":"About us - GTS Doppelschnecken f\u00fcr europ\u00e4ische Extruder - direktes Angebot","isPartOf":{"@id":"https:\/\/www.ejkrueger.de\/#website"},"datePublished":"2017-04-18T11:12:54+00:00","dateModified":"2020-07-30T13:01:51+00:00","description":"Doppelschneckenextruder f\u00fcr Rohr, Profil, Platte und Granulat - GermanTwinscrewS liefert mit GTS-Design einbaukompatibel Verfahrenseinheiten f\u00fcr alle europ\u00e4ischen Extruder","breadcrumb":{"@id":"https:\/\/www.ejkrueger.de\/en\/about-us\/#breadcrumb"},"inLanguage":"en-US","potentialAction":[{"@type":"ReadAction","target":["https:\/\/www.ejkrueger.de\/en\/about-us\/"]}]},{"@type":"BreadcrumbList","@id":"https:\/\/www.ejkrueger.de\/en\/about-us\/#breadcrumb","itemListElement":[{"@type":"ListItem","position":1,"name":"Startseite","item":"https:\/\/www.ejkrueger.de\/en\/"},{"@type":"ListItem","position":2,"name":"About us"}]},{"@type":"WebSite","@id":"https:\/\/www.ejkrueger.de\/#website","url":"https:\/\/www.ejkrueger.de\/","name":"GTS Doppelschnecken f\u00fcr europ\u00e4ische Extruder - direktes Angebot","description":"","potentialAction":[{"@type":"SearchAction","target":{"@type":"EntryPoint","urlTemplate":"https:\/\/www.ejkrueger.de\/?s={search_term_string}"},"query-input":{"@type":"PropertyValueSpecification","valueRequired":true,"valueName":"search_term_string"}}],"inLanguage":"en-US"}]}},"_links":{"self":[{"href":"https:\/\/www.ejkrueger.de\/en\/wp-json\/wp\/v2\/pages\/805","targetHints":{"allow":["GET"]}}],"collection":[{"href":"https:\/\/www.ejkrueger.de\/en\/wp-json\/wp\/v2\/pages"}],"about":[{"href":"https:\/\/www.ejkrueger.de\/en\/wp-json\/wp\/v2\/types\/page"}],"author":[{"embeddable":true,"href":"https:\/\/www.ejkrueger.de\/en\/wp-json\/wp\/v2\/users\/1"}],"replies":[{"embeddable":true,"href":"https:\/\/www.ejkrueger.de\/en\/wp-json\/wp\/v2\/comments?post=805"}],"version-history":[{"count":2,"href":"https:\/\/www.ejkrueger.de\/en\/wp-json\/wp\/v2\/pages\/805\/revisions"}],"predecessor-version":[{"id":3930,"href":"https:\/\/www.ejkrueger.de\/en\/wp-json\/wp\/v2\/pages\/805\/revisions\/3930"}],"wp:attachment":[{"href":"https:\/\/www.ejkrueger.de\/en\/wp-json\/wp\/v2\/media?parent=805"}],"curies":[{"name":"wp","href":"https:\/\/api.w.org\/{rel}","templated":true}]}}