{"id":904,"date":"2017-05-23T10:55:23","date_gmt":"2017-05-23T08:55:23","guid":{"rendered":"http:\/\/info.germantwinscrews.de\/?page_id=904"},"modified":"2024-11-12T10:51:10","modified_gmt":"2024-11-12T09:51:10","slug":"impressum","status":"publish","type":"page","link":"https:\/\/www.ejkrueger.de\/en\/impressum\/","title":{"rendered":"Imprint"},"content":{"rendered":"<h3>According to \u00a7 5 TMG:<\/h3>\n<p>EJKrueger GmbH<br \/>\nSegelmacherstra\u00dfe 4<br \/>\n26605 Aurich\/ Germany<\/p>\n<p>represented by: Dr. Ernst Krueger<\/p>\n<table style=\"width: 283px;\">\n<tbody>\n<tr>\n<td style=\"width: 94px;\">phone<\/td>\n<td style=\"width: 119px;\">+49 4943 9999 126<\/td>\n<\/tr>\n<tr>\n<td style=\"width: 94px;\">fax<\/td>\n<td style=\"width: 119px;\">+49 4943 9999 124<\/td>\n<\/tr>\n<tr>\n<td style=\"width: 94px;\">e-mail<\/td>\n<td style=\"width: 119px;\">info@ejkrueger .de<\/td>\n<\/tr>\n<\/tbody>\n<\/table>\n<h4>Register\u00a0entry:<\/h4>\n<p>Entry into the commercial register.<br \/>\ncourt of registration: Aurich<br \/>\nregister number: HRB Aurich 1690<\/p>\n<p>sales tax indication number: DE 221 932 370<\/p>\n","protected":false},"excerpt":{"rendered":"<p>According to \u00a7 5 TMG: EJKrueger GmbH Segelmacherstra\u00dfe 4 26605 Aurich\/ Germany represented by: Dr. Ernst Krueger phone +49 4943 9999 126 fax +49 4943 9999 124 e-mail info@ejkrueger .de Register\u00a0entry: Entry into the commercial register. court of registration: Aurich register number: HRB Aurich 1690 sales tax indication number: DE 221 932 370<\/p>\n","protected":false},"author":4,"featured_media":0,"parent":0,"menu_order":0,"comment_status":"closed","ping_status":"closed","template":"","meta":{"footnotes":""},"class_list":["post-904","page","type-page","status-publish","hentry"],"yoast_head":"<!-- This site is optimized with the Yoast SEO plugin v27.4 - https:\/\/yoast.com\/product\/yoast-seo-wordpress\/ -->\n<title>Imprint - GTS Doppelschnecken f\u00fcr europ\u00e4ische Extruder - direktes Angebot<\/title>\n<meta name=\"description\" content=\"Doppelschneckenextruder f\u00fcr Rohr, Profil, Platte und Granulat - GermanTwinscrewS liefert mit GTS-Design einbaukompatibel Verfahrenseinheiten f\u00fcr alle europ\u00e4ischen Extruder\" \/>\n<meta name=\"robots\" content=\"index, follow, max-snippet:-1, max-image-preview:large, max-video-preview:-1\" \/>\n<link rel=\"canonical\" href=\"https:\/\/www.ejkrueger.de\/en\/impressum\/\" \/>\n<meta property=\"og:locale\" content=\"en_US\" \/>\n<meta property=\"og:type\" content=\"article\" \/>\n<meta property=\"og:title\" content=\"Imprint - GTS Doppelschnecken f\u00fcr europ\u00e4ische Extruder - direktes Angebot\" \/>\n<meta property=\"og:description\" content=\"Doppelschneckenextruder f\u00fcr Rohr, Profil, Platte und Granulat - GermanTwinscrewS liefert mit GTS-Design einbaukompatibel Verfahrenseinheiten f\u00fcr alle europ\u00e4ischen Extruder\" \/>\n<meta property=\"og:url\" content=\"https:\/\/www.ejkrueger.de\/en\/impressum\/\" \/>\n<meta property=\"og:site_name\" content=\"GTS Doppelschnecken f\u00fcr europ\u00e4ische Extruder - direktes Angebot\" \/>\n<meta property=\"article:modified_time\" content=\"2024-11-12T09:51:10+00:00\" \/>\n<meta name=\"twitter:card\" content=\"summary_large_image\" \/>\n<meta name=\"twitter:label1\" content=\"Est. reading time\" \/>\n\t<meta name=\"twitter:data1\" content=\"1 minute\" \/>\n<script type=\"application\/ld+json\" class=\"yoast-schema-graph\">{\"@context\":\"https:\\\/\\\/schema.org\",\"@graph\":[{\"@type\":\"WebPage\",\"@id\":\"https:\\\/\\\/www.ejkrueger.de\\\/en\\\/impressum\\\/\",\"url\":\"https:\\\/\\\/www.ejkrueger.de\\\/en\\\/impressum\\\/\",\"name\":\"Imprint - GTS Doppelschnecken f\u00fcr europ\u00e4ische Extruder - direktes Angebot\",\"isPartOf\":{\"@id\":\"https:\\\/\\\/www.ejkrueger.de\\\/#website\"},\"datePublished\":\"2017-05-23T08:55:23+00:00\",\"dateModified\":\"2024-11-12T09:51:10+00:00\",\"description\":\"Doppelschneckenextruder f\u00fcr Rohr, Profil, Platte und Granulat - GermanTwinscrewS liefert mit GTS-Design einbaukompatibel Verfahrenseinheiten f\u00fcr alle europ\u00e4ischen Extruder\",\"breadcrumb\":{\"@id\":\"https:\\\/\\\/www.ejkrueger.de\\\/en\\\/impressum\\\/#breadcrumb\"},\"inLanguage\":\"en-US\",\"potentialAction\":[{\"@type\":\"ReadAction\",\"target\":[\"https:\\\/\\\/www.ejkrueger.de\\\/en\\\/impressum\\\/\"]}]},{\"@type\":\"BreadcrumbList\",\"@id\":\"https:\\\/\\\/www.ejkrueger.de\\\/en\\\/impressum\\\/#breadcrumb\",\"itemListElement\":[{\"@type\":\"ListItem\",\"position\":1,\"name\":\"Startseite\",\"item\":\"https:\\\/\\\/www.ejkrueger.de\\\/en\\\/\"},{\"@type\":\"ListItem\",\"position\":2,\"name\":\"Imprint\"}]},{\"@type\":\"WebSite\",\"@id\":\"https:\\\/\\\/www.ejkrueger.de\\\/#website\",\"url\":\"https:\\\/\\\/www.ejkrueger.de\\\/\",\"name\":\"GTS Doppelschnecken f\u00fcr europ\u00e4ische Extruder - direktes Angebot\",\"description\":\"\",\"potentialAction\":[{\"@type\":\"SearchAction\",\"target\":{\"@type\":\"EntryPoint\",\"urlTemplate\":\"https:\\\/\\\/www.ejkrueger.de\\\/?s={search_term_string}\"},\"query-input\":{\"@type\":\"PropertyValueSpecification\",\"valueRequired\":true,\"valueName\":\"search_term_string\"}}],\"inLanguage\":\"en-US\"}]}<\/script>\n<!-- \/ Yoast SEO plugin. -->","yoast_head_json":{"title":"Imprint - GTS Doppelschnecken f\u00fcr europ\u00e4ische Extruder - direktes Angebot","description":"Doppelschneckenextruder f\u00fcr Rohr, Profil, Platte und Granulat - GermanTwinscrewS liefert mit GTS-Design einbaukompatibel Verfahrenseinheiten f\u00fcr alle europ\u00e4ischen Extruder","robots":{"index":"index","follow":"follow","max-snippet":"max-snippet:-1","max-image-preview":"max-image-preview:large","max-video-preview":"max-video-preview:-1"},"canonical":"https:\/\/www.ejkrueger.de\/en\/impressum\/","og_locale":"en_US","og_type":"article","og_title":"Imprint - GTS Doppelschnecken f\u00fcr europ\u00e4ische Extruder - direktes Angebot","og_description":"Doppelschneckenextruder f\u00fcr Rohr, Profil, Platte und Granulat - GermanTwinscrewS liefert mit GTS-Design einbaukompatibel Verfahrenseinheiten f\u00fcr alle europ\u00e4ischen Extruder","og_url":"https:\/\/www.ejkrueger.de\/en\/impressum\/","og_site_name":"GTS Doppelschnecken f\u00fcr europ\u00e4ische Extruder - direktes Angebot","article_modified_time":"2024-11-12T09:51:10+00:00","twitter_card":"summary_large_image","twitter_misc":{"Est. reading time":"1 minute"},"schema":{"@context":"https:\/\/schema.org","@graph":[{"@type":"WebPage","@id":"https:\/\/www.ejkrueger.de\/en\/impressum\/","url":"https:\/\/www.ejkrueger.de\/en\/impressum\/","name":"Imprint - GTS Doppelschnecken f\u00fcr europ\u00e4ische Extruder - direktes Angebot","isPartOf":{"@id":"https:\/\/www.ejkrueger.de\/#website"},"datePublished":"2017-05-23T08:55:23+00:00","dateModified":"2024-11-12T09:51:10+00:00","description":"Doppelschneckenextruder f\u00fcr Rohr, Profil, Platte und Granulat - GermanTwinscrewS liefert mit GTS-Design einbaukompatibel Verfahrenseinheiten f\u00fcr alle europ\u00e4ischen Extruder","breadcrumb":{"@id":"https:\/\/www.ejkrueger.de\/en\/impressum\/#breadcrumb"},"inLanguage":"en-US","potentialAction":[{"@type":"ReadAction","target":["https:\/\/www.ejkrueger.de\/en\/impressum\/"]}]},{"@type":"BreadcrumbList","@id":"https:\/\/www.ejkrueger.de\/en\/impressum\/#breadcrumb","itemListElement":[{"@type":"ListItem","position":1,"name":"Startseite","item":"https:\/\/www.ejkrueger.de\/en\/"},{"@type":"ListItem","position":2,"name":"Imprint"}]},{"@type":"WebSite","@id":"https:\/\/www.ejkrueger.de\/#website","url":"https:\/\/www.ejkrueger.de\/","name":"GTS Doppelschnecken f\u00fcr europ\u00e4ische Extruder - direktes Angebot","description":"","potentialAction":[{"@type":"SearchAction","target":{"@type":"EntryPoint","urlTemplate":"https:\/\/www.ejkrueger.de\/?s={search_term_string}"},"query-input":{"@type":"PropertyValueSpecification","valueRequired":true,"valueName":"search_term_string"}}],"inLanguage":"en-US"}]}},"_links":{"self":[{"href":"https:\/\/www.ejkrueger.de\/en\/wp-json\/wp\/v2\/pages\/904","targetHints":{"allow":["GET"]}}],"collection":[{"href":"https:\/\/www.ejkrueger.de\/en\/wp-json\/wp\/v2\/pages"}],"about":[{"href":"https:\/\/www.ejkrueger.de\/en\/wp-json\/wp\/v2\/types\/page"}],"author":[{"embeddable":true,"href":"https:\/\/www.ejkrueger.de\/en\/wp-json\/wp\/v2\/users\/4"}],"replies":[{"embeddable":true,"href":"https:\/\/www.ejkrueger.de\/en\/wp-json\/wp\/v2\/comments?post=904"}],"version-history":[{"count":4,"href":"https:\/\/www.ejkrueger.de\/en\/wp-json\/wp\/v2\/pages\/904\/revisions"}],"predecessor-version":[{"id":4003,"href":"https:\/\/www.ejkrueger.de\/en\/wp-json\/wp\/v2\/pages\/904\/revisions\/4003"}],"wp:attachment":[{"href":"https:\/\/www.ejkrueger.de\/en\/wp-json\/wp\/v2\/media?parent=904"}],"curies":[{"name":"wp","href":"https:\/\/api.w.org\/{rel}","templated":true}]}}